{"id":1023,"date":"2018-12-16T18:37:29","date_gmt":"2018-12-16T17:37:29","guid":{"rendered":"http:\/\/localhost\/wordpress\/pressville-demo\/?page_id=1023"},"modified":"2024-01-27T14:59:36","modified_gmt":"2024-01-27T13:59:36","slug":"contact","status":"publish","type":"page","link":"https:\/\/www.alescaa.fr\/index.php\/contact\/","title":{"rendered":"Contact"},"content":{"rendered":"\n<p class=\"has-medium-font-size\"><strong>Pour toute question ou tout renseignement sur l&rsquo;association (animations \u00e0 venir, b\u00e9n\u00e9volat, Foire \u00e0 tout, etc), vous pouvez contacter Fran\u00e7ois GAULTIER au 06.99.15.58.26 ou renseigner le formulaire ci-dessous.<\/strong><\/p>\n\n\n\n<p class=\"has-medium-font-size\"><strong>Pour contacter les responsables des sections (Les deux mains gauches et En voiture Simone), vous reporter aux pages d\u00e9di\u00e9es (menu \u00ab\u00a0Les sections\u00a0\u00bb).<\/strong><\/p>\n\n\n\n<div class=\"wpcf7 no-js\" id=\"wpcf7-f3611-o1\" lang=\"fr-FR\" dir=\"ltr\">\n<div class=\"screen-reader-response\"><p role=\"status\" aria-live=\"polite\" aria-atomic=\"true\"><\/p> <ul><\/ul><\/div>\n<form action=\"\/index.php\/wp-json\/wp\/v2\/pages\/1023#wpcf7-f3611-o1\" method=\"post\" class=\"wpcf7-form init\" aria-label=\"Formulaire de contact\" novalidate=\"novalidate\" data-status=\"init\">\n<div style=\"display: none;\">\n<input type=\"hidden\" name=\"_wpcf7\" value=\"3611\" \/>\n<input type=\"hidden\" name=\"_wpcf7_version\" value=\"5.7.7\" \/>\n<input type=\"hidden\" name=\"_wpcf7_locale\" value=\"fr_FR\" \/>\n<input type=\"hidden\" name=\"_wpcf7_unit_tag\" value=\"wpcf7-f3611-o1\" \/>\n<input type=\"hidden\" name=\"_wpcf7_container_post\" value=\"0\" \/>\n<input type=\"hidden\" name=\"_wpcf7_posted_data_hash\" value=\"\" \/>\n<input type=\"hidden\" name=\"_wpcf7_recaptcha_response\" value=\"\" \/>\n<\/div>\n<p><label> Votre nom<br \/>\n<span class=\"wpcf7-form-control-wrap\" data-name=\"your-name\"><input size=\"40\" class=\"wpcf7-form-control wpcf7-text wpcf7-validates-as-required\" aria-required=\"true\" aria-invalid=\"false\" value=\"\" type=\"text\" name=\"your-name\" \/><\/span> <\/label>\n<\/p>\n<p><label> Votre e-mail<br \/>\n<span class=\"wpcf7-form-control-wrap\" data-name=\"your-email\"><input size=\"40\" class=\"wpcf7-form-control wpcf7-text wpcf7-email wpcf7-validates-as-required wpcf7-validates-as-email\" aria-required=\"true\" aria-invalid=\"false\" value=\"\" type=\"email\" name=\"your-email\" \/><\/span> <\/label>\n<\/p>\n<p><label> Objet<br \/>\n<span class=\"wpcf7-form-control-wrap\" data-name=\"your-subject\"><input size=\"40\" class=\"wpcf7-form-control wpcf7-text wpcf7-validates-as-required\" aria-required=\"true\" aria-invalid=\"false\" value=\"\" type=\"text\" name=\"your-subject\" \/><\/span> <\/label>\n<\/p>\n<p><label> Votre message (facultatif)<br \/>\n<span class=\"wpcf7-form-control-wrap\" data-name=\"your-message\"><textarea cols=\"40\" rows=\"10\" class=\"wpcf7-form-control wpcf7-textarea\" aria-invalid=\"false\" name=\"your-message\"><\/textarea><\/span> <\/label>\n<\/p>\n<p><input class=\"wpcf7-form-control has-spinner wpcf7-submit\" type=\"submit\" value=\"Envoyer\" \/>\n<\/p><p style=\"display: none !important;\" class=\"akismet-fields-container\" data-prefix=\"_wpcf7_ak_\"><label>&#916;<textarea name=\"_wpcf7_ak_hp_textarea\" cols=\"45\" rows=\"8\" maxlength=\"100\"><\/textarea><\/label><input type=\"hidden\" id=\"ak_js_1\" name=\"_wpcf7_ak_js\" value=\"249\"\/><script type=\"text\/javascript\">\ndocument.getElementById( \"ak_js_1\" ).setAttribute( \"value\", ( new Date() ).getTime() );\n<\/script>\n<\/p><div class=\"wpcf7-response-output\" aria-hidden=\"true\"><\/div>\n<\/form>\n<\/div>\n\n\n\n\n<p><\/p>\n","protected":false},"excerpt":{"rendered":"<p>Pour toute question ou tout renseignement sur l&rsquo;association (animations \u00e0 venir, b\u00e9n\u00e9volat, Foire \u00e0 tout, etc), vous pouvez contacter Fran\u00e7ois GAULTIER au 06.99.15.58.26 ou renseigner le formulaire ci-dessous. Pour contacter les responsables des sections (Les deux mains gauches et En voiture Simone), vous reporter aux pages d\u00e9di\u00e9es (menu \u00ab\u00a0Les sections\u00a0\u00bb).<\/p>\n","protected":false},"author":3,"featured_media":0,"parent":0,"menu_order":0,"comment_status":"closed","ping_status":"closed","template":"page-templates\/narrow.php","meta":[],"yoast_head":"<!-- This site is optimized with the Yoast SEO plugin v21.8.1 - https:\/\/yoast.com\/wordpress\/plugins\/seo\/ -->\n<title>Contact - A.L.E.S.C.A.A.<\/title>\n<meta name=\"robots\" content=\"index, follow, max-snippet:-1, max-image-preview:large, max-video-preview:-1\" \/>\n<link rel=\"canonical\" href=\"https:\/\/www.alescaa.fr\/index.php\/contact\/\" \/>\n<meta property=\"og:locale\" content=\"fr_FR\" \/>\n<meta property=\"og:type\" content=\"article\" \/>\n<meta property=\"og:title\" content=\"Contact - A.L.E.S.C.A.A.\" \/>\n<meta property=\"og:description\" content=\"Pour toute question ou tout renseignement sur l&rsquo;association (animations \u00e0 venir, b\u00e9n\u00e9volat, Foire \u00e0 tout, etc), vous pouvez contacter Fran\u00e7ois GAULTIER au 06.99.15.58.26 ou renseigner le formulaire ci-dessous. Pour contacter les responsables des sections (Les deux mains gauches et En voiture Simone), vous reporter aux pages d\u00e9di\u00e9es (menu \u00ab\u00a0Les sections\u00a0\u00bb).\" \/>\n<meta property=\"og:url\" content=\"https:\/\/www.alescaa.fr\/index.php\/contact\/\" \/>\n<meta property=\"og:site_name\" content=\"A.L.E.S.C.A.A.\" \/>\n<meta property=\"article:modified_time\" content=\"2024-01-27T13:59:36+00:00\" \/>\n<meta name=\"twitter:card\" content=\"summary_large_image\" \/>\n<meta name=\"twitter:label1\" content=\"Dur\u00e9e de lecture estim\u00e9e\" \/>\n\t<meta name=\"twitter:data1\" content=\"1 minute\" \/>\n<script type=\"application\/ld+json\" class=\"yoast-schema-graph\">{\"@context\":\"https:\/\/schema.org\",\"@graph\":[{\"@type\":\"WebPage\",\"@id\":\"https:\/\/www.alescaa.fr\/index.php\/contact\/\",\"url\":\"https:\/\/www.alescaa.fr\/index.php\/contact\/\",\"name\":\"Contact - A.L.E.S.C.A.A.\",\"isPartOf\":{\"@id\":\"https:\/\/www.alescaa.fr\/#website\"},\"datePublished\":\"2018-12-16T17:37:29+00:00\",\"dateModified\":\"2024-01-27T13:59:36+00:00\",\"breadcrumb\":{\"@id\":\"https:\/\/www.alescaa.fr\/index.php\/contact\/#breadcrumb\"},\"inLanguage\":\"fr-FR\",\"potentialAction\":[{\"@type\":\"ReadAction\",\"target\":[\"https:\/\/www.alescaa.fr\/index.php\/contact\/\"]}]},{\"@type\":\"BreadcrumbList\",\"@id\":\"https:\/\/www.alescaa.fr\/index.php\/contact\/#breadcrumb\",\"itemListElement\":[{\"@type\":\"ListItem\",\"position\":1,\"name\":\"Accueil\",\"item\":\"https:\/\/www.alescaa.fr\/\"},{\"@type\":\"ListItem\",\"position\":2,\"name\":\"Contact\"}]},{\"@type\":\"WebSite\",\"@id\":\"https:\/\/www.alescaa.fr\/#website\",\"url\":\"https:\/\/www.alescaa.fr\/\",\"name\":\"A.L.E.S.C.A.A.\",\"description\":\"Amicale La\u00efque Educative Sportive et Culturelle d&#039;Autheuil-Authouillet\",\"publisher\":{\"@id\":\"https:\/\/www.alescaa.fr\/#organization\"},\"potentialAction\":[{\"@type\":\"SearchAction\",\"target\":{\"@type\":\"EntryPoint\",\"urlTemplate\":\"https:\/\/www.alescaa.fr\/?s={search_term_string}\"},\"query-input\":\"required name=search_term_string\"}],\"inLanguage\":\"fr-FR\"},{\"@type\":\"Organization\",\"@id\":\"https:\/\/www.alescaa.fr\/#organization\",\"name\":\"A.L.E.S.C.A.A.\",\"url\":\"https:\/\/www.alescaa.fr\/\",\"logo\":{\"@type\":\"ImageObject\",\"inLanguage\":\"fr-FR\",\"@id\":\"https:\/\/www.alescaa.fr\/#\/schema\/logo\/image\/\",\"url\":\"https:\/\/www.alescaa.fr\/wp-content\/uploads\/2022\/02\/Logo-Alescaa-2022.png\",\"contentUrl\":\"https:\/\/www.alescaa.fr\/wp-content\/uploads\/2022\/02\/Logo-Alescaa-2022.png\",\"width\":512,\"height\":482,\"caption\":\"A.L.E.S.C.A.A.\"},\"image\":{\"@id\":\"https:\/\/www.alescaa.fr\/#\/schema\/logo\/image\/\"}}]}<\/script>\n<!-- \/ Yoast SEO plugin. -->","yoast_head_json":{"title":"Contact - A.L.E.S.C.A.A.","robots":{"index":"index","follow":"follow","max-snippet":"max-snippet:-1","max-image-preview":"max-image-preview:large","max-video-preview":"max-video-preview:-1"},"canonical":"https:\/\/www.alescaa.fr\/index.php\/contact\/","og_locale":"fr_FR","og_type":"article","og_title":"Contact - A.L.E.S.C.A.A.","og_description":"Pour toute question ou tout renseignement sur l&rsquo;association (animations \u00e0 venir, b\u00e9n\u00e9volat, Foire \u00e0 tout, etc), vous pouvez contacter Fran\u00e7ois GAULTIER au 06.99.15.58.26 ou renseigner le formulaire ci-dessous. Pour contacter les responsables des sections (Les deux mains gauches et En voiture Simone), vous reporter aux pages d\u00e9di\u00e9es (menu \u00ab\u00a0Les sections\u00a0\u00bb).","og_url":"https:\/\/www.alescaa.fr\/index.php\/contact\/","og_site_name":"A.L.E.S.C.A.A.","article_modified_time":"2024-01-27T13:59:36+00:00","twitter_card":"summary_large_image","twitter_misc":{"Dur\u00e9e de lecture estim\u00e9e":"1 minute"},"schema":{"@context":"https:\/\/schema.org","@graph":[{"@type":"WebPage","@id":"https:\/\/www.alescaa.fr\/index.php\/contact\/","url":"https:\/\/www.alescaa.fr\/index.php\/contact\/","name":"Contact - A.L.E.S.C.A.A.","isPartOf":{"@id":"https:\/\/www.alescaa.fr\/#website"},"datePublished":"2018-12-16T17:37:29+00:00","dateModified":"2024-01-27T13:59:36+00:00","breadcrumb":{"@id":"https:\/\/www.alescaa.fr\/index.php\/contact\/#breadcrumb"},"inLanguage":"fr-FR","potentialAction":[{"@type":"ReadAction","target":["https:\/\/www.alescaa.fr\/index.php\/contact\/"]}]},{"@type":"BreadcrumbList","@id":"https:\/\/www.alescaa.fr\/index.php\/contact\/#breadcrumb","itemListElement":[{"@type":"ListItem","position":1,"name":"Accueil","item":"https:\/\/www.alescaa.fr\/"},{"@type":"ListItem","position":2,"name":"Contact"}]},{"@type":"WebSite","@id":"https:\/\/www.alescaa.fr\/#website","url":"https:\/\/www.alescaa.fr\/","name":"A.L.E.S.C.A.A.","description":"Amicale La\u00efque Educative Sportive et Culturelle d&#039;Autheuil-Authouillet","publisher":{"@id":"https:\/\/www.alescaa.fr\/#organization"},"potentialAction":[{"@type":"SearchAction","target":{"@type":"EntryPoint","urlTemplate":"https:\/\/www.alescaa.fr\/?s={search_term_string}"},"query-input":"required name=search_term_string"}],"inLanguage":"fr-FR"},{"@type":"Organization","@id":"https:\/\/www.alescaa.fr\/#organization","name":"A.L.E.S.C.A.A.","url":"https:\/\/www.alescaa.fr\/","logo":{"@type":"ImageObject","inLanguage":"fr-FR","@id":"https:\/\/www.alescaa.fr\/#\/schema\/logo\/image\/","url":"https:\/\/www.alescaa.fr\/wp-content\/uploads\/2022\/02\/Logo-Alescaa-2022.png","contentUrl":"https:\/\/www.alescaa.fr\/wp-content\/uploads\/2022\/02\/Logo-Alescaa-2022.png","width":512,"height":482,"caption":"A.L.E.S.C.A.A."},"image":{"@id":"https:\/\/www.alescaa.fr\/#\/schema\/logo\/image\/"}}]}},"_links":{"self":[{"href":"https:\/\/www.alescaa.fr\/index.php\/wp-json\/wp\/v2\/pages\/1023"}],"collection":[{"href":"https:\/\/www.alescaa.fr\/index.php\/wp-json\/wp\/v2\/pages"}],"about":[{"href":"https:\/\/www.alescaa.fr\/index.php\/wp-json\/wp\/v2\/types\/page"}],"author":[{"embeddable":true,"href":"https:\/\/www.alescaa.fr\/index.php\/wp-json\/wp\/v2\/users\/3"}],"replies":[{"embeddable":true,"href":"https:\/\/www.alescaa.fr\/index.php\/wp-json\/wp\/v2\/comments?post=1023"}],"version-history":[{"count":9,"href":"https:\/\/www.alescaa.fr\/index.php\/wp-json\/wp\/v2\/pages\/1023\/revisions"}],"predecessor-version":[{"id":5011,"href":"https:\/\/www.alescaa.fr\/index.php\/wp-json\/wp\/v2\/pages\/1023\/revisions\/5011"}],"wp:attachment":[{"href":"https:\/\/www.alescaa.fr\/index.php\/wp-json\/wp\/v2\/media?parent=1023"}],"curies":[{"name":"wp","href":"https:\/\/api.w.org\/{rel}","templated":true}]}}