{"id":3009,"date":"2021-11-12T13:39:17","date_gmt":"2021-11-12T12:39:17","guid":{"rendered":"http:\/\/alescaa.fr\/?p=3009"},"modified":"2023-03-06T13:35:59","modified_gmt":"2023-03-06T12:35:59","slug":"qui-sommes-nous","status":"publish","type":"page","link":"https:\/\/www.alescaa.fr\/index.php\/qui-sommes-nous\/","title":{"rendered":"Qui sommes nous ?"},"content":{"rendered":"\n<p>L\u2019ALESCAA est une association de type \u00ab loi 1901 \u00bb cr\u00e9\u00e9e en 1977 par un petit groupe d\u2019habitants, quelques ann\u00e9es apr\u00e8s le regroupement des deux villages d&rsquo;Autheuil sur Eure et d&rsquo;Authouillet en un seul : Autheuil-Authouillet.<\/p>\n\n\n\n<figure class=\"wp-block-gallery has-nested-images columns-4 is-cropped wp-block-gallery-1 is-layout-flex\">\n<figure class=\"wp-block-image size-large\"><img decoding=\"async\" loading=\"lazy\" width=\"1024\" height=\"265\" data-id=\"3500\"  src=\"https:\/\/www.alescaa.fr\/wp-content\/uploads\/2021\/12\/Intervillages-2015-1.jpg\" alt=\"\" class=\"wp-image-3500\" srcset=\"https:\/\/www.alescaa.fr\/wp-content\/uploads\/2021\/12\/Intervillages-2015-1.jpg 1024w, https:\/\/www.alescaa.fr\/wp-content\/uploads\/2021\/12\/Intervillages-2015-1-600x155.jpg 600w, https:\/\/www.alescaa.fr\/wp-content\/uploads\/2021\/12\/Intervillages-2015-1-768x199.jpg 768w\" sizes=\"(max-width: 1024px) 100vw, 1024px\" \/><figcaption>@ALESCAA jeu d&rsquo;intervillage<\/figcaption><\/figure>\n\n\n\n<figure class=\"wp-block-image size-large\"><img decoding=\"async\" loading=\"lazy\" width=\"1024\" height=\"400\" data-id=\"3496\"  src=\"https:\/\/www.alescaa.fr\/wp-content\/uploads\/2021\/12\/13-juillet-2017-1024x400.jpg\" alt=\"\" class=\"wp-image-3496\" srcset=\"https:\/\/www.alescaa.fr\/wp-content\/uploads\/2021\/12\/13-juillet-2017-1024x400.jpg 1024w, https:\/\/www.alescaa.fr\/wp-content\/uploads\/2021\/12\/13-juillet-2017-600x234.jpg 600w, https:\/\/www.alescaa.fr\/wp-content\/uploads\/2021\/12\/13-juillet-2017-768x300.jpg 768w, https:\/\/www.alescaa.fr\/wp-content\/uploads\/2021\/12\/13-juillet-2017-1536x599.jpg 1536w, https:\/\/www.alescaa.fr\/wp-content\/uploads\/2021\/12\/13-juillet-2017-2048x799.jpg 2048w\" sizes=\"(max-width: 1024px) 100vw, 1024px\" \/><figcaption>@ALESCAA Ap\u00e9ro aupr\u00e8s du barbecue<\/figcaption><\/figure>\n\n\n\n<figure class=\"wp-block-image size-large\"><img decoding=\"async\" loading=\"lazy\" width=\"1024\" height=\"497\" data-id=\"3476\"  src=\"https:\/\/www.alescaa.fr\/wp-content\/uploads\/2021\/12\/IMG_4641-pour-article-petit-communal-1024x497.jpg\" alt=\"\" class=\"wp-image-3476\" srcset=\"https:\/\/www.alescaa.fr\/wp-content\/uploads\/2021\/12\/IMG_4641-pour-article-petit-communal-1024x497.jpg 1024w, https:\/\/www.alescaa.fr\/wp-content\/uploads\/2021\/12\/IMG_4641-pour-article-petit-communal-600x291.jpg 600w, https:\/\/www.alescaa.fr\/wp-content\/uploads\/2021\/12\/IMG_4641-pour-article-petit-communal-768x373.jpg 768w, https:\/\/www.alescaa.fr\/wp-content\/uploads\/2021\/12\/IMG_4641-pour-article-petit-communal-1536x746.jpg 1536w, https:\/\/www.alescaa.fr\/wp-content\/uploads\/2021\/12\/IMG_4641-pour-article-petit-communal-2048x995.jpg 2048w\" sizes=\"(max-width: 1024px) 100vw, 1024px\" \/><figcaption>@ALESCAA Les enfants en spectacle<\/figcaption><\/figure>\n\n\n\n<figure class=\"wp-block-image size-large\"><img decoding=\"async\" loading=\"lazy\" width=\"427\" height=\"548\" data-id=\"3472\"  src=\"https:\/\/www.alescaa.fr\/wp-content\/uploads\/2021\/12\/FAT-2015-Rue-YM-cote-Boulangerie-et-parking-ecole.jpg\" alt=\"\" class=\"wp-image-3472\"\/><figcaption>@ALESCAA La foire \u00e0 tout<\/figcaption><\/figure>\n<\/figure>\n\n\n\n<p>Fait plut\u00f4t rare dans le monde associatif, elle conjugue deux types d\u2019activit\u00e9s qui la positionnent \u00e0 mi-chemin entre, d\u2019une part, une association populaire ou un club sportif, et d\u2019autre part, un comit\u00e9 des f\u00eates. En effet, elle organise des manifestations et encadre des sections.<\/p>\n\n\n\n<p class=\"has-text-align-left\">Parmi les manifestations populaires organis\u00e9es, nous pouvons citer les plus connues : foire \u00e0 Tout du dimanche de P\u00e2ques, feu d\u2019artifice et bal populaire du 13 juillet, arbre de no\u00ebl (spectacle et cadeaux offerts aux jeunes enfants de la commune), Bourse aux jouets et \u00e0 la pu\u00e9riculture (organis\u00e9e par la section \u00ab\u00a0Les deux mains gauches\u00a0\u00bb). Mais, ce serait r\u00e9ducteur de ne retenir que celles-ci, un certain nombre d&rsquo;autres manifestations viennent s&rsquo;ajouter au programme selon les ann\u00e9es : Jeux inter-villages, F\u00eate de la musique. Et sans oublier celles \u00e0 destination des enfants et adolescents : soir\u00e9e jeux, boum des enfants, sortie dans un parc d&rsquo;attraction (certaines organis\u00e9es par la section \u00ab\u00a0En voiture Simone\u00a0\u00bb).<\/p>\n\n\n\n<div class=\"wp-block-group is-layout-flow\"><div class=\"wp-block-group__inner-container\">\n<div class=\"wp-block-group is-layout-flow\"><div class=\"wp-block-group__inner-container\">\n<p>Les sections proposent des activit\u00e9s de loisirs divers tout au long de l\u2019ann\u00e9e. Ces offres, souvent port\u00e9es par un(e) passionn\u00e9(e) voulant partager sa passion ou faire d\u00e9couvrir son loisir, \u00e9voluent selon les ann\u00e9es en fonction des possibilit\u00e9s de se maintenir ou non. Ainsi, les activit\u00e9s propos\u00e9es ont pu \u00eatre les suivantes :<\/p>\n\n\n\n<ul><li>Activit\u00e9s sportives : Tennis de table, Cyclotourisme, Judo<\/li><li>Activit\u00e9s cr\u00e9atives : Sculpture &amp; peinture (Terre et Toile), Loisirs cr\u00e9atifs &amp; Art du tricot (Les deux mains gauches)<\/li><li>Activit\u00e9 de soci\u00e9t\u00e9 : Danse de salon, Danse Afro-Rythm<\/li><li>Activit\u00e9s de loisir : Photographie, Musique<\/li><\/ul>\n\n\n\n<p>Consulter le menu \u00ab\u00a0Les sections\u00a0\u00bb pour conna\u00eetre les activit\u00e9s encore actives.<\/p>\n<\/div><\/div>\n<\/div><\/div>\n\n\n\n<p>Le sigle ALESCAA signifie Amicale La\u00efque Educative, Sportive et Culturelle d\u2019Autheuil-Authouillet et refl\u00e8te bien l\u2019esprit de l\u2019association : un groupe d\u2019une trentaine d\u2019amis n\u2019ayant aucune autre pr\u00e9tention que de dynamiser le village et rencontrer ses concitoyens au travers d\u2019opportunit\u00e9s festives et\/ou sportives.<\/p>\n","protected":false},"excerpt":{"rendered":"<p>L\u2019ALESCAA est une association de type \u00ab loi 1901 \u00bb cr\u00e9\u00e9e en 1977 par un petit groupe d\u2019habitants, quelques ann\u00e9es apr\u00e8s le regroupement des deux villages d&rsquo;Autheuil sur Eure et d&rsquo;Authouillet en un seul : Autheuil-Authouillet. Fait plut\u00f4t rare dans le monde associatif, elle conjugue deux types d\u2019activit\u00e9s qui la positionnent \u00e0 mi-chemin entre, d\u2019une [&hellip;]<\/p>\n","protected":false},"author":3,"featured_media":0,"parent":0,"menu_order":0,"comment_status":"closed","ping_status":"closed","template":"","meta":[],"yoast_head":"<!-- This site is optimized with the Yoast SEO plugin v21.8.1 - https:\/\/yoast.com\/wordpress\/plugins\/seo\/ -->\n<title>Qui sommes nous ? - A.L.E.S.C.A.A.<\/title>\n<meta name=\"robots\" content=\"index, follow, max-snippet:-1, max-image-preview:large, max-video-preview:-1\" \/>\n<link rel=\"canonical\" href=\"https:\/\/www.alescaa.fr\/index.php\/qui-sommes-nous\/\" \/>\n<meta property=\"og:locale\" content=\"fr_FR\" \/>\n<meta property=\"og:type\" content=\"article\" \/>\n<meta property=\"og:title\" content=\"Qui sommes nous ? - A.L.E.S.C.A.A.\" \/>\n<meta property=\"og:description\" content=\"L\u2019ALESCAA est une association de type \u00ab loi 1901 \u00bb cr\u00e9\u00e9e en 1977 par un petit groupe d\u2019habitants, quelques ann\u00e9es apr\u00e8s le regroupement des deux villages d&rsquo;Autheuil sur Eure et d&rsquo;Authouillet en un seul : Autheuil-Authouillet. Fait plut\u00f4t rare dans le monde associatif, elle conjugue deux types d\u2019activit\u00e9s qui la positionnent \u00e0 mi-chemin entre, d\u2019une [&hellip;]\" \/>\n<meta property=\"og:url\" content=\"https:\/\/www.alescaa.fr\/index.php\/qui-sommes-nous\/\" \/>\n<meta property=\"og:site_name\" content=\"A.L.E.S.C.A.A.\" \/>\n<meta property=\"article:modified_time\" content=\"2023-03-06T12:35:59+00:00\" \/>\n<meta property=\"og:image\" content=\"https:\/\/www.alescaa.fr\/wp-content\/uploads\/2021\/12\/Intervillages-2015-1.jpg\" \/>\n<meta name=\"twitter:card\" content=\"summary_large_image\" \/>\n<meta name=\"twitter:label1\" content=\"Dur\u00e9e de lecture estim\u00e9e\" \/>\n\t<meta name=\"twitter:data1\" content=\"3 minutes\" \/>\n<script type=\"application\/ld+json\" class=\"yoast-schema-graph\">{\"@context\":\"https:\/\/schema.org\",\"@graph\":[{\"@type\":\"WebPage\",\"@id\":\"https:\/\/www.alescaa.fr\/index.php\/qui-sommes-nous\/\",\"url\":\"https:\/\/www.alescaa.fr\/index.php\/qui-sommes-nous\/\",\"name\":\"Qui sommes nous ? - A.L.E.S.C.A.A.\",\"isPartOf\":{\"@id\":\"https:\/\/www.alescaa.fr\/#website\"},\"datePublished\":\"2021-11-12T12:39:17+00:00\",\"dateModified\":\"2023-03-06T12:35:59+00:00\",\"breadcrumb\":{\"@id\":\"https:\/\/www.alescaa.fr\/index.php\/qui-sommes-nous\/#breadcrumb\"},\"inLanguage\":\"fr-FR\",\"potentialAction\":[{\"@type\":\"ReadAction\",\"target\":[\"https:\/\/www.alescaa.fr\/index.php\/qui-sommes-nous\/\"]}]},{\"@type\":\"BreadcrumbList\",\"@id\":\"https:\/\/www.alescaa.fr\/index.php\/qui-sommes-nous\/#breadcrumb\",\"itemListElement\":[{\"@type\":\"ListItem\",\"position\":1,\"name\":\"Accueil\",\"item\":\"https:\/\/www.alescaa.fr\/\"},{\"@type\":\"ListItem\",\"position\":2,\"name\":\"Qui sommes nous ?\"}]},{\"@type\":\"WebSite\",\"@id\":\"https:\/\/www.alescaa.fr\/#website\",\"url\":\"https:\/\/www.alescaa.fr\/\",\"name\":\"A.L.E.S.C.A.A.\",\"description\":\"Amicale La\u00efque Educative Sportive et Culturelle d&#039;Autheuil-Authouillet\",\"publisher\":{\"@id\":\"https:\/\/www.alescaa.fr\/#organization\"},\"potentialAction\":[{\"@type\":\"SearchAction\",\"target\":{\"@type\":\"EntryPoint\",\"urlTemplate\":\"https:\/\/www.alescaa.fr\/?s={search_term_string}\"},\"query-input\":\"required name=search_term_string\"}],\"inLanguage\":\"fr-FR\"},{\"@type\":\"Organization\",\"@id\":\"https:\/\/www.alescaa.fr\/#organization\",\"name\":\"A.L.E.S.C.A.A.\",\"url\":\"https:\/\/www.alescaa.fr\/\",\"logo\":{\"@type\":\"ImageObject\",\"inLanguage\":\"fr-FR\",\"@id\":\"https:\/\/www.alescaa.fr\/#\/schema\/logo\/image\/\",\"url\":\"https:\/\/www.alescaa.fr\/wp-content\/uploads\/2022\/02\/Logo-Alescaa-2022.png\",\"contentUrl\":\"https:\/\/www.alescaa.fr\/wp-content\/uploads\/2022\/02\/Logo-Alescaa-2022.png\",\"width\":512,\"height\":482,\"caption\":\"A.L.E.S.C.A.A.\"},\"image\":{\"@id\":\"https:\/\/www.alescaa.fr\/#\/schema\/logo\/image\/\"}}]}<\/script>\n<!-- \/ Yoast SEO plugin. -->","yoast_head_json":{"title":"Qui sommes nous ? - A.L.E.S.C.A.A.","robots":{"index":"index","follow":"follow","max-snippet":"max-snippet:-1","max-image-preview":"max-image-preview:large","max-video-preview":"max-video-preview:-1"},"canonical":"https:\/\/www.alescaa.fr\/index.php\/qui-sommes-nous\/","og_locale":"fr_FR","og_type":"article","og_title":"Qui sommes nous ? - A.L.E.S.C.A.A.","og_description":"L\u2019ALESCAA est une association de type \u00ab loi 1901 \u00bb cr\u00e9\u00e9e en 1977 par un petit groupe d\u2019habitants, quelques ann\u00e9es apr\u00e8s le regroupement des deux villages d&rsquo;Autheuil sur Eure et d&rsquo;Authouillet en un seul : Autheuil-Authouillet. Fait plut\u00f4t rare dans le monde associatif, elle conjugue deux types d\u2019activit\u00e9s qui la positionnent \u00e0 mi-chemin entre, d\u2019une [&hellip;]","og_url":"https:\/\/www.alescaa.fr\/index.php\/qui-sommes-nous\/","og_site_name":"A.L.E.S.C.A.A.","article_modified_time":"2023-03-06T12:35:59+00:00","og_image":[{"url":"https:\/\/www.alescaa.fr\/wp-content\/uploads\/2021\/12\/Intervillages-2015-1.jpg"}],"twitter_card":"summary_large_image","twitter_misc":{"Dur\u00e9e de lecture estim\u00e9e":"3 minutes"},"schema":{"@context":"https:\/\/schema.org","@graph":[{"@type":"WebPage","@id":"https:\/\/www.alescaa.fr\/index.php\/qui-sommes-nous\/","url":"https:\/\/www.alescaa.fr\/index.php\/qui-sommes-nous\/","name":"Qui sommes nous ? - A.L.E.S.C.A.A.","isPartOf":{"@id":"https:\/\/www.alescaa.fr\/#website"},"datePublished":"2021-11-12T12:39:17+00:00","dateModified":"2023-03-06T12:35:59+00:00","breadcrumb":{"@id":"https:\/\/www.alescaa.fr\/index.php\/qui-sommes-nous\/#breadcrumb"},"inLanguage":"fr-FR","potentialAction":[{"@type":"ReadAction","target":["https:\/\/www.alescaa.fr\/index.php\/qui-sommes-nous\/"]}]},{"@type":"BreadcrumbList","@id":"https:\/\/www.alescaa.fr\/index.php\/qui-sommes-nous\/#breadcrumb","itemListElement":[{"@type":"ListItem","position":1,"name":"Accueil","item":"https:\/\/www.alescaa.fr\/"},{"@type":"ListItem","position":2,"name":"Qui sommes nous ?"}]},{"@type":"WebSite","@id":"https:\/\/www.alescaa.fr\/#website","url":"https:\/\/www.alescaa.fr\/","name":"A.L.E.S.C.A.A.","description":"Amicale La\u00efque Educative Sportive et Culturelle d&#039;Autheuil-Authouillet","publisher":{"@id":"https:\/\/www.alescaa.fr\/#organization"},"potentialAction":[{"@type":"SearchAction","target":{"@type":"EntryPoint","urlTemplate":"https:\/\/www.alescaa.fr\/?s={search_term_string}"},"query-input":"required name=search_term_string"}],"inLanguage":"fr-FR"},{"@type":"Organization","@id":"https:\/\/www.alescaa.fr\/#organization","name":"A.L.E.S.C.A.A.","url":"https:\/\/www.alescaa.fr\/","logo":{"@type":"ImageObject","inLanguage":"fr-FR","@id":"https:\/\/www.alescaa.fr\/#\/schema\/logo\/image\/","url":"https:\/\/www.alescaa.fr\/wp-content\/uploads\/2022\/02\/Logo-Alescaa-2022.png","contentUrl":"https:\/\/www.alescaa.fr\/wp-content\/uploads\/2022\/02\/Logo-Alescaa-2022.png","width":512,"height":482,"caption":"A.L.E.S.C.A.A."},"image":{"@id":"https:\/\/www.alescaa.fr\/#\/schema\/logo\/image\/"}}]}},"_links":{"self":[{"href":"https:\/\/www.alescaa.fr\/index.php\/wp-json\/wp\/v2\/pages\/3009"}],"collection":[{"href":"https:\/\/www.alescaa.fr\/index.php\/wp-json\/wp\/v2\/pages"}],"about":[{"href":"https:\/\/www.alescaa.fr\/index.php\/wp-json\/wp\/v2\/types\/page"}],"author":[{"embeddable":true,"href":"https:\/\/www.alescaa.fr\/index.php\/wp-json\/wp\/v2\/users\/3"}],"replies":[{"embeddable":true,"href":"https:\/\/www.alescaa.fr\/index.php\/wp-json\/wp\/v2\/comments?post=3009"}],"version-history":[{"count":7,"href":"https:\/\/www.alescaa.fr\/index.php\/wp-json\/wp\/v2\/pages\/3009\/revisions"}],"predecessor-version":[{"id":4786,"href":"https:\/\/www.alescaa.fr\/index.php\/wp-json\/wp\/v2\/pages\/3009\/revisions\/4786"}],"wp:attachment":[{"href":"https:\/\/www.alescaa.fr\/index.php\/wp-json\/wp\/v2\/media?parent=3009"}],"curies":[{"name":"wp","href":"https:\/\/api.w.org\/{rel}","templated":true}]}}