{"id":3035,"date":"2021-11-12T13:42:30","date_gmt":"2021-11-12T12:42:30","guid":{"rendered":"http:\/\/alescaa.fr\/?p=3035"},"modified":"2022-06-30T14:58:36","modified_gmt":"2022-06-30T12:58:36","slug":"devenir-benevole","status":"publish","type":"page","link":"https:\/\/www.alescaa.fr\/index.php\/devenir-benevole\/","title":{"rendered":"Devenir b\u00e9n\u00e9vole"},"content":{"rendered":"\n<p><strong>Etre b\u00e9n\u00e9vole, c&rsquo;est donner de son temps, mais aussi int\u00e9grer un groupe motiv\u00e9 et soud\u00e9 autour de l&rsquo;id\u00e9e de faire vivre la commune.<\/strong><\/p>\n\n\n\n<p>L&rsquo;ALESCAA a pour vocation de donner les moyens de vivre aux sections qui lui sont rattach\u00e9es (support administratif, mise \u00e0 disposition de mat\u00e9riels, subventions). Mais aussi, elle organise la plupart des manifestations qui se d\u00e9roulent dans la commune. Tout ceci ne serait pas possible sans nos b\u00e9n\u00e9voles. Ils donnent un peu de leur temps libre pour mener \u00e0 bien l&rsquo;ensemble des animations propos\u00e9es. Si, comme eux, vous souhaitez venir nous rejoindre et participer \u00e0 nos actions, vous serez les bienvenus.<\/p>\n\n\n\n<p>Vous pouvez prendre contact avec nous en vous signalant par le lien de contact, ou aupr\u00e8s de notre pr\u00e9sident Fran\u00e7ois GAULTIER au 06 99 15 58 26, que ce soit pour se renseigner ou nous rejoindre\u00a0<strong>ponctuellement ou plus<\/strong>. vous pouvez aussi tout simplement nous aborder lors d&rsquo;une de nos manifestations. Soyez rassur\u00e9s : il n&rsquo;y a pas de bizutage !<\/p>\n\n\n\n<p>Il y a une manifestation qui n\u00e9cessite particuli\u00e8rement plus de monde que les autres, reconnue au del\u00e0 du d\u00e9partement comme \u00e9tant de qualit\u00e9, et qui permet de d\u00e9gager les ressources financi\u00e8res pour l&rsquo;ensemble de nos activit\u00e9s ; il s&rsquo;agit de la\u00a0<strong>Foire \u00e0 Tout de P\u00e2ques<\/strong>.<\/p>\n\n\n\n<p><strong>Sans cette manifestation, l&rsquo;ALESCAA ne survivrait pas. Sans b\u00e9n\u00e9voles, cette manifestation ne survivra pas.<\/strong><\/p>\n\n\n\n<p>Ce sera aussi l&rsquo;occasion de rejoindre une \u00e9quipe sympathique, g\u00e9n\u00e9reuse et solidaire.<br>Participer \u00e0 l\u2019organisation des manifestations est une bonne opportunit\u00e9 de s\u2019amuser.<\/p>\n","protected":false},"excerpt":{"rendered":"<p>Etre b\u00e9n\u00e9vole, c&rsquo;est donner de son temps, mais aussi int\u00e9grer un groupe motiv\u00e9 et soud\u00e9 autour de l&rsquo;id\u00e9e de faire vivre la commune. L&rsquo;ALESCAA a pour vocation de donner les moyens de vivre aux sections qui lui sont rattach\u00e9es (support administratif, mise \u00e0 disposition de mat\u00e9riels, subventions). Mais aussi, elle organise la plupart des manifestations [&hellip;]<\/p>\n","protected":false},"author":3,"featured_media":0,"parent":0,"menu_order":0,"comment_status":"closed","ping_status":"closed","template":"","meta":[],"yoast_head":"<!-- This site is optimized with the Yoast SEO plugin v21.8.1 - https:\/\/yoast.com\/wordpress\/plugins\/seo\/ -->\n<title>Devenir b\u00e9n\u00e9vole - A.L.E.S.C.A.A.<\/title>\n<meta name=\"robots\" content=\"index, follow, max-snippet:-1, max-image-preview:large, max-video-preview:-1\" \/>\n<link rel=\"canonical\" href=\"https:\/\/www.alescaa.fr\/index.php\/devenir-benevole\/\" \/>\n<meta property=\"og:locale\" content=\"fr_FR\" \/>\n<meta property=\"og:type\" content=\"article\" \/>\n<meta property=\"og:title\" content=\"Devenir b\u00e9n\u00e9vole - A.L.E.S.C.A.A.\" \/>\n<meta property=\"og:description\" content=\"Etre b\u00e9n\u00e9vole, c&rsquo;est donner de son temps, mais aussi int\u00e9grer un groupe motiv\u00e9 et soud\u00e9 autour de l&rsquo;id\u00e9e de faire vivre la commune. L&rsquo;ALESCAA a pour vocation de donner les moyens de vivre aux sections qui lui sont rattach\u00e9es (support administratif, mise \u00e0 disposition de mat\u00e9riels, subventions). Mais aussi, elle organise la plupart des manifestations [&hellip;]\" \/>\n<meta property=\"og:url\" content=\"https:\/\/www.alescaa.fr\/index.php\/devenir-benevole\/\" \/>\n<meta property=\"og:site_name\" content=\"A.L.E.S.C.A.A.\" \/>\n<meta property=\"article:modified_time\" content=\"2022-06-30T12:58:36+00:00\" \/>\n<meta name=\"twitter:card\" content=\"summary_large_image\" \/>\n<meta name=\"twitter:label1\" content=\"Dur\u00e9e de lecture estim\u00e9e\" \/>\n\t<meta name=\"twitter:data1\" content=\"1 minute\" \/>\n<script type=\"application\/ld+json\" class=\"yoast-schema-graph\">{\"@context\":\"https:\/\/schema.org\",\"@graph\":[{\"@type\":\"WebPage\",\"@id\":\"https:\/\/www.alescaa.fr\/index.php\/devenir-benevole\/\",\"url\":\"https:\/\/www.alescaa.fr\/index.php\/devenir-benevole\/\",\"name\":\"Devenir b\u00e9n\u00e9vole - A.L.E.S.C.A.A.\",\"isPartOf\":{\"@id\":\"https:\/\/www.alescaa.fr\/#website\"},\"datePublished\":\"2021-11-12T12:42:30+00:00\",\"dateModified\":\"2022-06-30T12:58:36+00:00\",\"breadcrumb\":{\"@id\":\"https:\/\/www.alescaa.fr\/index.php\/devenir-benevole\/#breadcrumb\"},\"inLanguage\":\"fr-FR\",\"potentialAction\":[{\"@type\":\"ReadAction\",\"target\":[\"https:\/\/www.alescaa.fr\/index.php\/devenir-benevole\/\"]}]},{\"@type\":\"BreadcrumbList\",\"@id\":\"https:\/\/www.alescaa.fr\/index.php\/devenir-benevole\/#breadcrumb\",\"itemListElement\":[{\"@type\":\"ListItem\",\"position\":1,\"name\":\"Accueil\",\"item\":\"https:\/\/www.alescaa.fr\/\"},{\"@type\":\"ListItem\",\"position\":2,\"name\":\"Devenir b\u00e9n\u00e9vole\"}]},{\"@type\":\"WebSite\",\"@id\":\"https:\/\/www.alescaa.fr\/#website\",\"url\":\"https:\/\/www.alescaa.fr\/\",\"name\":\"A.L.E.S.C.A.A.\",\"description\":\"Amicale La\u00efque Educative Sportive et Culturelle d&#039;Autheuil-Authouillet\",\"publisher\":{\"@id\":\"https:\/\/www.alescaa.fr\/#organization\"},\"potentialAction\":[{\"@type\":\"SearchAction\",\"target\":{\"@type\":\"EntryPoint\",\"urlTemplate\":\"https:\/\/www.alescaa.fr\/?s={search_term_string}\"},\"query-input\":\"required name=search_term_string\"}],\"inLanguage\":\"fr-FR\"},{\"@type\":\"Organization\",\"@id\":\"https:\/\/www.alescaa.fr\/#organization\",\"name\":\"A.L.E.S.C.A.A.\",\"url\":\"https:\/\/www.alescaa.fr\/\",\"logo\":{\"@type\":\"ImageObject\",\"inLanguage\":\"fr-FR\",\"@id\":\"https:\/\/www.alescaa.fr\/#\/schema\/logo\/image\/\",\"url\":\"https:\/\/www.alescaa.fr\/wp-content\/uploads\/2022\/02\/Logo-Alescaa-2022.png\",\"contentUrl\":\"https:\/\/www.alescaa.fr\/wp-content\/uploads\/2022\/02\/Logo-Alescaa-2022.png\",\"width\":512,\"height\":482,\"caption\":\"A.L.E.S.C.A.A.\"},\"image\":{\"@id\":\"https:\/\/www.alescaa.fr\/#\/schema\/logo\/image\/\"}}]}<\/script>\n<!-- \/ Yoast SEO plugin. -->","yoast_head_json":{"title":"Devenir b\u00e9n\u00e9vole - A.L.E.S.C.A.A.","robots":{"index":"index","follow":"follow","max-snippet":"max-snippet:-1","max-image-preview":"max-image-preview:large","max-video-preview":"max-video-preview:-1"},"canonical":"https:\/\/www.alescaa.fr\/index.php\/devenir-benevole\/","og_locale":"fr_FR","og_type":"article","og_title":"Devenir b\u00e9n\u00e9vole - A.L.E.S.C.A.A.","og_description":"Etre b\u00e9n\u00e9vole, c&rsquo;est donner de son temps, mais aussi int\u00e9grer un groupe motiv\u00e9 et soud\u00e9 autour de l&rsquo;id\u00e9e de faire vivre la commune. L&rsquo;ALESCAA a pour vocation de donner les moyens de vivre aux sections qui lui sont rattach\u00e9es (support administratif, mise \u00e0 disposition de mat\u00e9riels, subventions). Mais aussi, elle organise la plupart des manifestations [&hellip;]","og_url":"https:\/\/www.alescaa.fr\/index.php\/devenir-benevole\/","og_site_name":"A.L.E.S.C.A.A.","article_modified_time":"2022-06-30T12:58:36+00:00","twitter_card":"summary_large_image","twitter_misc":{"Dur\u00e9e de lecture estim\u00e9e":"1 minute"},"schema":{"@context":"https:\/\/schema.org","@graph":[{"@type":"WebPage","@id":"https:\/\/www.alescaa.fr\/index.php\/devenir-benevole\/","url":"https:\/\/www.alescaa.fr\/index.php\/devenir-benevole\/","name":"Devenir b\u00e9n\u00e9vole - A.L.E.S.C.A.A.","isPartOf":{"@id":"https:\/\/www.alescaa.fr\/#website"},"datePublished":"2021-11-12T12:42:30+00:00","dateModified":"2022-06-30T12:58:36+00:00","breadcrumb":{"@id":"https:\/\/www.alescaa.fr\/index.php\/devenir-benevole\/#breadcrumb"},"inLanguage":"fr-FR","potentialAction":[{"@type":"ReadAction","target":["https:\/\/www.alescaa.fr\/index.php\/devenir-benevole\/"]}]},{"@type":"BreadcrumbList","@id":"https:\/\/www.alescaa.fr\/index.php\/devenir-benevole\/#breadcrumb","itemListElement":[{"@type":"ListItem","position":1,"name":"Accueil","item":"https:\/\/www.alescaa.fr\/"},{"@type":"ListItem","position":2,"name":"Devenir b\u00e9n\u00e9vole"}]},{"@type":"WebSite","@id":"https:\/\/www.alescaa.fr\/#website","url":"https:\/\/www.alescaa.fr\/","name":"A.L.E.S.C.A.A.","description":"Amicale La\u00efque Educative Sportive et Culturelle d&#039;Autheuil-Authouillet","publisher":{"@id":"https:\/\/www.alescaa.fr\/#organization"},"potentialAction":[{"@type":"SearchAction","target":{"@type":"EntryPoint","urlTemplate":"https:\/\/www.alescaa.fr\/?s={search_term_string}"},"query-input":"required name=search_term_string"}],"inLanguage":"fr-FR"},{"@type":"Organization","@id":"https:\/\/www.alescaa.fr\/#organization","name":"A.L.E.S.C.A.A.","url":"https:\/\/www.alescaa.fr\/","logo":{"@type":"ImageObject","inLanguage":"fr-FR","@id":"https:\/\/www.alescaa.fr\/#\/schema\/logo\/image\/","url":"https:\/\/www.alescaa.fr\/wp-content\/uploads\/2022\/02\/Logo-Alescaa-2022.png","contentUrl":"https:\/\/www.alescaa.fr\/wp-content\/uploads\/2022\/02\/Logo-Alescaa-2022.png","width":512,"height":482,"caption":"A.L.E.S.C.A.A."},"image":{"@id":"https:\/\/www.alescaa.fr\/#\/schema\/logo\/image\/"}}]}},"_links":{"self":[{"href":"https:\/\/www.alescaa.fr\/index.php\/wp-json\/wp\/v2\/pages\/3035"}],"collection":[{"href":"https:\/\/www.alescaa.fr\/index.php\/wp-json\/wp\/v2\/pages"}],"about":[{"href":"https:\/\/www.alescaa.fr\/index.php\/wp-json\/wp\/v2\/types\/page"}],"author":[{"embeddable":true,"href":"https:\/\/www.alescaa.fr\/index.php\/wp-json\/wp\/v2\/users\/3"}],"replies":[{"embeddable":true,"href":"https:\/\/www.alescaa.fr\/index.php\/wp-json\/wp\/v2\/comments?post=3035"}],"version-history":[{"count":9,"href":"https:\/\/www.alescaa.fr\/index.php\/wp-json\/wp\/v2\/pages\/3035\/revisions"}],"predecessor-version":[{"id":4209,"href":"https:\/\/www.alescaa.fr\/index.php\/wp-json\/wp\/v2\/pages\/3035\/revisions\/4209"}],"wp:attachment":[{"href":"https:\/\/www.alescaa.fr\/index.php\/wp-json\/wp\/v2\/media?parent=3035"}],"curies":[{"name":"wp","href":"https:\/\/api.w.org\/{rel}","templated":true}]}}