{"id":3038,"date":"2021-11-12T13:44:21","date_gmt":"2021-11-12T12:44:21","guid":{"rendered":"http:\/\/alescaa.fr\/?p=3038"},"modified":"2024-01-27T14:15:58","modified_gmt":"2024-01-27T13:15:58","slug":"presentation-des-sections-de-lalescaa","status":"publish","type":"page","link":"https:\/\/www.alescaa.fr\/index.php\/presentation-des-sections-de-lalescaa\/","title":{"rendered":"Pr\u00e9sentation des sections de l&rsquo;ALESCAA"},"content":{"rendered":"\n<p><strong>Pour acc\u00e9der \u00e0 des activit\u00e9s \u00e9ducatives, sportives et culturelles tout au long de l\u2019ann\u00e9e<\/strong><\/p>\n\n\n\n<p>Au nombre de deux \u00e0 ce jour, et proposant des activit\u00e9s vari\u00e9es, les sections de l\u2019ALESCAA vous permettront de trouver une activit\u00e9 qui vous convient.<\/p>\n\n\n\n<ul>\n<li>La section\u00a0<strong>\u00ab\u00a0Les deux mains gauches\u00a0\u00bb<\/strong>\u00a0(loisir cr\u00e9atif et art du fil) vous fera voir les objets du quotidien sous un autre angle, plus color\u00e9 et d\u00e9coratif, tout en gardant leurs fonctions d\u2019usages.<\/li>\n\n\n\n<li>La section<strong> \u00ab\u00a0En voiture Simone\u00a0\u00bb<\/strong> s&rsquo;attache \u00e0 organiser des manifestations \u00e0 destination des enfants et adolescents de la commune.<\/li>\n<\/ul>\n\n\n\n<p>Vous pouvez consulter les pages des sections pour plus de d\u00e9tails : pr\u00e9sentation plus d\u00e9taill\u00e9e, photos, contacts.<\/p>\n\n\n\n<p>Si vous avez des id\u00e9es de nouvelles sections, vous pouvez nous les faire partager. Toute proposition sera \u00e9tudi\u00e9e et mise en pratique si le projet est r\u00e9alisable. Se r\u00e9f\u00e9rer \u00e0 la page \u00ab\u00a0Cr\u00e9er une section\u00a0\u00bb.<\/p>\n\n\n\n<p><\/p>\n","protected":false},"excerpt":{"rendered":"<p>Pour acc\u00e9der \u00e0 des activit\u00e9s \u00e9ducatives, sportives et culturelles tout au long de l\u2019ann\u00e9e Au nombre de deux \u00e0 ce jour, et proposant des activit\u00e9s vari\u00e9es, les sections de l\u2019ALESCAA vous permettront de trouver une activit\u00e9 qui vous convient. Vous pouvez consulter les pages des sections pour plus de d\u00e9tails : pr\u00e9sentation plus d\u00e9taill\u00e9e, photos, [&hellip;]<\/p>\n","protected":false},"author":3,"featured_media":0,"parent":0,"menu_order":0,"comment_status":"closed","ping_status":"closed","template":"","meta":[],"yoast_head":"<!-- This site is optimized with the Yoast SEO plugin v21.8.1 - https:\/\/yoast.com\/wordpress\/plugins\/seo\/ -->\n<title>Pr\u00e9sentation des sections de l&#039;ALESCAA - A.L.E.S.C.A.A.<\/title>\n<meta name=\"robots\" content=\"index, follow, max-snippet:-1, max-image-preview:large, max-video-preview:-1\" \/>\n<link rel=\"canonical\" href=\"https:\/\/www.alescaa.fr\/index.php\/presentation-des-sections-de-lalescaa\/\" \/>\n<meta property=\"og:locale\" content=\"fr_FR\" \/>\n<meta property=\"og:type\" content=\"article\" \/>\n<meta property=\"og:title\" content=\"Pr\u00e9sentation des sections de l&#039;ALESCAA - A.L.E.S.C.A.A.\" \/>\n<meta property=\"og:description\" content=\"Pour acc\u00e9der \u00e0 des activit\u00e9s \u00e9ducatives, sportives et culturelles tout au long de l\u2019ann\u00e9e Au nombre de deux \u00e0 ce jour, et proposant des activit\u00e9s vari\u00e9es, les sections de l\u2019ALESCAA vous permettront de trouver une activit\u00e9 qui vous convient. Vous pouvez consulter les pages des sections pour plus de d\u00e9tails : pr\u00e9sentation plus d\u00e9taill\u00e9e, photos, [&hellip;]\" \/>\n<meta property=\"og:url\" content=\"https:\/\/www.alescaa.fr\/index.php\/presentation-des-sections-de-lalescaa\/\" \/>\n<meta property=\"og:site_name\" content=\"A.L.E.S.C.A.A.\" \/>\n<meta property=\"article:modified_time\" content=\"2024-01-27T13:15:58+00:00\" \/>\n<meta name=\"twitter:card\" content=\"summary_large_image\" \/>\n<meta name=\"twitter:label1\" content=\"Dur\u00e9e de lecture estim\u00e9e\" \/>\n\t<meta name=\"twitter:data1\" content=\"1 minute\" \/>\n<script type=\"application\/ld+json\" class=\"yoast-schema-graph\">{\"@context\":\"https:\/\/schema.org\",\"@graph\":[{\"@type\":\"WebPage\",\"@id\":\"https:\/\/www.alescaa.fr\/index.php\/presentation-des-sections-de-lalescaa\/\",\"url\":\"https:\/\/www.alescaa.fr\/index.php\/presentation-des-sections-de-lalescaa\/\",\"name\":\"Pr\u00e9sentation des sections de l'ALESCAA - A.L.E.S.C.A.A.\",\"isPartOf\":{\"@id\":\"https:\/\/www.alescaa.fr\/#website\"},\"datePublished\":\"2021-11-12T12:44:21+00:00\",\"dateModified\":\"2024-01-27T13:15:58+00:00\",\"breadcrumb\":{\"@id\":\"https:\/\/www.alescaa.fr\/index.php\/presentation-des-sections-de-lalescaa\/#breadcrumb\"},\"inLanguage\":\"fr-FR\",\"potentialAction\":[{\"@type\":\"ReadAction\",\"target\":[\"https:\/\/www.alescaa.fr\/index.php\/presentation-des-sections-de-lalescaa\/\"]}]},{\"@type\":\"BreadcrumbList\",\"@id\":\"https:\/\/www.alescaa.fr\/index.php\/presentation-des-sections-de-lalescaa\/#breadcrumb\",\"itemListElement\":[{\"@type\":\"ListItem\",\"position\":1,\"name\":\"Accueil\",\"item\":\"https:\/\/www.alescaa.fr\/\"},{\"@type\":\"ListItem\",\"position\":2,\"name\":\"Pr\u00e9sentation des sections de l&rsquo;ALESCAA\"}]},{\"@type\":\"WebSite\",\"@id\":\"https:\/\/www.alescaa.fr\/#website\",\"url\":\"https:\/\/www.alescaa.fr\/\",\"name\":\"A.L.E.S.C.A.A.\",\"description\":\"Amicale La\u00efque Educative Sportive et Culturelle d&#039;Autheuil-Authouillet\",\"publisher\":{\"@id\":\"https:\/\/www.alescaa.fr\/#organization\"},\"potentialAction\":[{\"@type\":\"SearchAction\",\"target\":{\"@type\":\"EntryPoint\",\"urlTemplate\":\"https:\/\/www.alescaa.fr\/?s={search_term_string}\"},\"query-input\":\"required name=search_term_string\"}],\"inLanguage\":\"fr-FR\"},{\"@type\":\"Organization\",\"@id\":\"https:\/\/www.alescaa.fr\/#organization\",\"name\":\"A.L.E.S.C.A.A.\",\"url\":\"https:\/\/www.alescaa.fr\/\",\"logo\":{\"@type\":\"ImageObject\",\"inLanguage\":\"fr-FR\",\"@id\":\"https:\/\/www.alescaa.fr\/#\/schema\/logo\/image\/\",\"url\":\"https:\/\/www.alescaa.fr\/wp-content\/uploads\/2022\/02\/Logo-Alescaa-2022.png\",\"contentUrl\":\"https:\/\/www.alescaa.fr\/wp-content\/uploads\/2022\/02\/Logo-Alescaa-2022.png\",\"width\":512,\"height\":482,\"caption\":\"A.L.E.S.C.A.A.\"},\"image\":{\"@id\":\"https:\/\/www.alescaa.fr\/#\/schema\/logo\/image\/\"}}]}<\/script>\n<!-- \/ Yoast SEO plugin. -->","yoast_head_json":{"title":"Pr\u00e9sentation des sections de l'ALESCAA - A.L.E.S.C.A.A.","robots":{"index":"index","follow":"follow","max-snippet":"max-snippet:-1","max-image-preview":"max-image-preview:large","max-video-preview":"max-video-preview:-1"},"canonical":"https:\/\/www.alescaa.fr\/index.php\/presentation-des-sections-de-lalescaa\/","og_locale":"fr_FR","og_type":"article","og_title":"Pr\u00e9sentation des sections de l'ALESCAA - A.L.E.S.C.A.A.","og_description":"Pour acc\u00e9der \u00e0 des activit\u00e9s \u00e9ducatives, sportives et culturelles tout au long de l\u2019ann\u00e9e Au nombre de deux \u00e0 ce jour, et proposant des activit\u00e9s vari\u00e9es, les sections de l\u2019ALESCAA vous permettront de trouver une activit\u00e9 qui vous convient. Vous pouvez consulter les pages des sections pour plus de d\u00e9tails : pr\u00e9sentation plus d\u00e9taill\u00e9e, photos, [&hellip;]","og_url":"https:\/\/www.alescaa.fr\/index.php\/presentation-des-sections-de-lalescaa\/","og_site_name":"A.L.E.S.C.A.A.","article_modified_time":"2024-01-27T13:15:58+00:00","twitter_card":"summary_large_image","twitter_misc":{"Dur\u00e9e de lecture estim\u00e9e":"1 minute"},"schema":{"@context":"https:\/\/schema.org","@graph":[{"@type":"WebPage","@id":"https:\/\/www.alescaa.fr\/index.php\/presentation-des-sections-de-lalescaa\/","url":"https:\/\/www.alescaa.fr\/index.php\/presentation-des-sections-de-lalescaa\/","name":"Pr\u00e9sentation des sections de l'ALESCAA - A.L.E.S.C.A.A.","isPartOf":{"@id":"https:\/\/www.alescaa.fr\/#website"},"datePublished":"2021-11-12T12:44:21+00:00","dateModified":"2024-01-27T13:15:58+00:00","breadcrumb":{"@id":"https:\/\/www.alescaa.fr\/index.php\/presentation-des-sections-de-lalescaa\/#breadcrumb"},"inLanguage":"fr-FR","potentialAction":[{"@type":"ReadAction","target":["https:\/\/www.alescaa.fr\/index.php\/presentation-des-sections-de-lalescaa\/"]}]},{"@type":"BreadcrumbList","@id":"https:\/\/www.alescaa.fr\/index.php\/presentation-des-sections-de-lalescaa\/#breadcrumb","itemListElement":[{"@type":"ListItem","position":1,"name":"Accueil","item":"https:\/\/www.alescaa.fr\/"},{"@type":"ListItem","position":2,"name":"Pr\u00e9sentation des sections de l&rsquo;ALESCAA"}]},{"@type":"WebSite","@id":"https:\/\/www.alescaa.fr\/#website","url":"https:\/\/www.alescaa.fr\/","name":"A.L.E.S.C.A.A.","description":"Amicale La\u00efque Educative Sportive et Culturelle d&#039;Autheuil-Authouillet","publisher":{"@id":"https:\/\/www.alescaa.fr\/#organization"},"potentialAction":[{"@type":"SearchAction","target":{"@type":"EntryPoint","urlTemplate":"https:\/\/www.alescaa.fr\/?s={search_term_string}"},"query-input":"required name=search_term_string"}],"inLanguage":"fr-FR"},{"@type":"Organization","@id":"https:\/\/www.alescaa.fr\/#organization","name":"A.L.E.S.C.A.A.","url":"https:\/\/www.alescaa.fr\/","logo":{"@type":"ImageObject","inLanguage":"fr-FR","@id":"https:\/\/www.alescaa.fr\/#\/schema\/logo\/image\/","url":"https:\/\/www.alescaa.fr\/wp-content\/uploads\/2022\/02\/Logo-Alescaa-2022.png","contentUrl":"https:\/\/www.alescaa.fr\/wp-content\/uploads\/2022\/02\/Logo-Alescaa-2022.png","width":512,"height":482,"caption":"A.L.E.S.C.A.A."},"image":{"@id":"https:\/\/www.alescaa.fr\/#\/schema\/logo\/image\/"}}]}},"_links":{"self":[{"href":"https:\/\/www.alescaa.fr\/index.php\/wp-json\/wp\/v2\/pages\/3038"}],"collection":[{"href":"https:\/\/www.alescaa.fr\/index.php\/wp-json\/wp\/v2\/pages"}],"about":[{"href":"https:\/\/www.alescaa.fr\/index.php\/wp-json\/wp\/v2\/types\/page"}],"author":[{"embeddable":true,"href":"https:\/\/www.alescaa.fr\/index.php\/wp-json\/wp\/v2\/users\/3"}],"replies":[{"embeddable":true,"href":"https:\/\/www.alescaa.fr\/index.php\/wp-json\/wp\/v2\/comments?post=3038"}],"version-history":[{"count":10,"href":"https:\/\/www.alescaa.fr\/index.php\/wp-json\/wp\/v2\/pages\/3038\/revisions"}],"predecessor-version":[{"id":5001,"href":"https:\/\/www.alescaa.fr\/index.php\/wp-json\/wp\/v2\/pages\/3038\/revisions\/5001"}],"wp:attachment":[{"href":"https:\/\/www.alescaa.fr\/index.php\/wp-json\/wp\/v2\/media?parent=3038"}],"curies":[{"name":"wp","href":"https:\/\/api.w.org\/{rel}","templated":true}]}}