{"id":3043,"date":"2021-11-12T13:49:34","date_gmt":"2021-11-12T12:49:34","guid":{"rendered":"http:\/\/alescaa.fr\/?p=3043"},"modified":"2023-03-06T14:03:58","modified_gmt":"2023-03-06T13:03:58","slug":"section-les-deux-mains-gauches","status":"publish","type":"page","link":"https:\/\/www.alescaa.fr\/index.php\/section-les-deux-mains-gauches\/","title":{"rendered":"Section \u00ab\u00a0Les deux mains gauches\u00a0\u00bb"},"content":{"rendered":"\n<p style=\"font-size:18px\"><strong>Pour se rencontrer autour d&rsquo;activit\u00e9s manuelles en vall\u00e9e d&rsquo;Eure<\/strong><\/p>\n\n\n\n<p style=\"font-size:18px\">Tricot, couture, collage&#8230; les activit\u00e9s de loisirs cr\u00e9atifs ne manquent pas pour ceux qui veulent mettre leur imagination \u00e0 l\u2019\u00e9preuve et exprimer leur talent artistique sur des objets du quotidien.<\/p>\n\n\n\n<p style=\"font-size:18px\">Vous \u00eates adeptes de ce nouveau ph\u00e9nom\u00e8ne du Do It Yourself ou Faites-le vous-m\u00eame ?<br>Vous souhaitez prendre un peu de temps pour vous ?<br>Vous aimez partager vos id\u00e9es cr\u00e9atives et votre savoir-faire ?<br>Rejoignez Les deux mains gauches !<\/p>\n\n\n\n<p style=\"font-size:18px\">Dans une ambiance conviviale, la section de loisirs cr\u00e9atifs de l&rsquo;ALESCAA se r\u00e9unit deux fois par semaine :<\/p>\n\n\n\n<ul style=\"font-size:18px\"><li>le mercredi, de 14 h \u00e0 17 h, les activit\u00e9s cr\u00e9atives se d\u00e9clinent autour de la customisation d&rsquo;objets (peinture, collage de serviettes, pochoirs, etc.), d\u00e9coupage de bois, mosa\u00efques, d\u00e9tournements d\u2019objets, carterie.<\/li><li>le vendredi, de 14 h \u00e0 17 h, art du fil et jeux d&rsquo;aiguille sont \u00e0 l&rsquo;honneur (tricot, broderie, couture, patchwork ou crochet)<\/li><\/ul>\n\n\n\n<div class=\"wp-block-media-text alignwide is-stacked-on-mobile\" style=\"grid-template-columns:40% auto\"><figure class=\"wp-block-media-text__media\"><img decoding=\"async\" loading=\"lazy\" width=\"460\" height=\"315\" src=\"https:\/\/www.alescaa.fr\/wp-content\/uploads\/2021\/11\/image-5.png\" alt=\"\" class=\"wp-image-3044 size-full\"\/><\/figure><div class=\"wp-block-media-text__content\">\n<p style=\"font-size:18px\">Tuile plate ou faiti\u00e8res transform\u00e9e en d\u00e9co de jardin, torchons transform\u00e9s en tablier, sacs \u00e0 pains, sacs \u00e0 tarte, d\u00e9corations de vide-poches, de plateaux, de boites \u00e0 mouchoirs, etc. Cr\u00e9ation en fin d\u2019ann\u00e9e pour No\u00ebl : couronne de porte ou centre de table.<\/p>\n\n\n\n<p style=\"font-size:18px\">Pour certaines activit\u00e9s particuli\u00e8res, des stages peuvent \u00eatre organis\u00e9s ponctuellement sur les th\u00e8mes, par exemple, de l&rsquo;art floral, de la mosa\u00efque et encore la transformation de gourdes en lampes.<\/p>\n\n\n\n<p style=\"font-size:18px\">@ALESCAA Lors du march\u00e9 de No\u00ebl<\/p>\n<\/div><\/div>\n\n\n\n<div class=\"wp-block-media-text alignwide has-media-on-the-right is-stacked-on-mobile\" style=\"grid-template-columns:auto 40%\"><figure class=\"wp-block-media-text__media\"><img decoding=\"async\" loading=\"lazy\" width=\"460\" height=\"344\" src=\"http:\/\/alescaa.fr\/wp-content\/uploads\/2021\/11\/image-7.png\" alt=\"\" class=\"wp-image-3046 size-full\"\/><\/figure><div class=\"wp-block-media-text__content\">\n<p style=\"font-size:18px\">Plusieurs fois dans l&rsquo;ann\u00e9e, les membres des Deux mains gauches s&rsquo;exportent et visitent ensemble des salons de loisirs cr\u00e9atifs \u00e0 Rouen (Cr\u00e9ativa), \u00e0 Paris (L\u2019aiguille en f\u00eate), ou des expositions (\u00e0 Vernon en juin, \u00e0 Compi\u00e8gne en octobre).<\/p>\n\n\n\n<p style=\"font-size:18px\">La cotisation annuelle est de 20 \u20ac pour le vendredi et 40 \u20ac pour le mercredi et le vendredi (tarif 2014\/2015), elle permet de couvrir la plupart des achats de la section : mat\u00e9riel, supports, tissus, fils, entr\u00e9e des salons, etc.<\/p>\n\n\n\n<p class=\"has-text-align-right\" style=\"font-size:18px\">@ALESCAA Composition florale<\/p>\n<\/div><\/div>\n\n\n\n<div class=\"wp-block-media-text alignwide is-stacked-on-mobile\" style=\"grid-template-columns:40% auto\"><figure class=\"wp-block-media-text__media\"><img decoding=\"async\" loading=\"lazy\" width=\"460\" height=\"345\" src=\"http:\/\/alescaa.fr\/wp-content\/uploads\/2021\/11\/image-8.png\" alt=\"\" class=\"wp-image-3047 size-full\"\/><\/figure><div class=\"wp-block-media-text__content\">\n<p style=\"font-size:18px\">Pour financer ses activit\u00e9s, la section organise \u00e9galement une bourse aux jouets et \u00e0 la pu\u00e9riculture, chaque ann\u00e9e courant octobre, \u00e0 la salle des f\u00eates d&rsquo;Autheuil-Authouillet.<br>La section est aussi active dans les activit\u00e9s de la vall\u00e9e : animation du 1er mai \u00e0 \u00c9cardenville\/Eure, march\u00e9s de No\u00ebl ou artisanaux dans la r\u00e9gion, etc..<\/p>\n\n\n\n<p style=\"font-size:18px\">@ALESCAA Accompagnement des enfant lors du lundi de P\u00e2ques 2015<\/p>\n<\/div><\/div>\n\n\n\n<p class=\"has-medium-font-size\"><strong>CONTACT : R\u00e9jane Toussaint, Pr\u00e9sidente \/ 06 70 55 19 41 ou 02 32 34 68 28<\/strong><\/p>\n","protected":false},"excerpt":{"rendered":"<p>Pour se rencontrer autour d&rsquo;activit\u00e9s manuelles en vall\u00e9e d&rsquo;Eure Tricot, couture, collage&#8230; les activit\u00e9s de loisirs cr\u00e9atifs ne manquent pas pour ceux qui veulent mettre leur imagination \u00e0 l\u2019\u00e9preuve et exprimer leur talent artistique sur des objets du quotidien. Vous \u00eates adeptes de ce nouveau ph\u00e9nom\u00e8ne du Do It Yourself ou Faites-le vous-m\u00eame ?Vous souhaitez [&hellip;]<\/p>\n","protected":false},"author":3,"featured_media":0,"parent":0,"menu_order":0,"comment_status":"closed","ping_status":"closed","template":"","meta":[],"yoast_head":"<!-- This site is optimized with the Yoast SEO plugin v21.8.1 - https:\/\/yoast.com\/wordpress\/plugins\/seo\/ -->\n<title>Section &quot;Les deux mains gauches&quot; - A.L.E.S.C.A.A.<\/title>\n<meta name=\"robots\" content=\"index, follow, max-snippet:-1, max-image-preview:large, max-video-preview:-1\" \/>\n<link rel=\"canonical\" href=\"https:\/\/www.alescaa.fr\/index.php\/section-les-deux-mains-gauches\/\" \/>\n<meta property=\"og:locale\" content=\"fr_FR\" \/>\n<meta property=\"og:type\" content=\"article\" \/>\n<meta property=\"og:title\" content=\"Section &quot;Les deux mains gauches&quot; - A.L.E.S.C.A.A.\" \/>\n<meta property=\"og:description\" content=\"Pour se rencontrer autour d&rsquo;activit\u00e9s manuelles en vall\u00e9e d&rsquo;Eure Tricot, couture, collage&#8230; les activit\u00e9s de loisirs cr\u00e9atifs ne manquent pas pour ceux qui veulent mettre leur imagination \u00e0 l\u2019\u00e9preuve et exprimer leur talent artistique sur des objets du quotidien. Vous \u00eates adeptes de ce nouveau ph\u00e9nom\u00e8ne du Do It Yourself ou Faites-le vous-m\u00eame ?Vous souhaitez [&hellip;]\" \/>\n<meta property=\"og:url\" content=\"https:\/\/www.alescaa.fr\/index.php\/section-les-deux-mains-gauches\/\" \/>\n<meta property=\"og:site_name\" content=\"A.L.E.S.C.A.A.\" \/>\n<meta property=\"article:modified_time\" content=\"2023-03-06T13:03:58+00:00\" \/>\n<meta property=\"og:image\" content=\"https:\/\/www.alescaa.fr\/wp-content\/uploads\/2021\/11\/image-5.png\" \/>\n<meta name=\"twitter:card\" content=\"summary_large_image\" \/>\n<script type=\"application\/ld+json\" class=\"yoast-schema-graph\">{\"@context\":\"https:\/\/schema.org\",\"@graph\":[{\"@type\":\"WebPage\",\"@id\":\"https:\/\/www.alescaa.fr\/index.php\/section-les-deux-mains-gauches\/\",\"url\":\"https:\/\/www.alescaa.fr\/index.php\/section-les-deux-mains-gauches\/\",\"name\":\"Section \\\"Les deux mains gauches\\\" - A.L.E.S.C.A.A.\",\"isPartOf\":{\"@id\":\"https:\/\/www.alescaa.fr\/#website\"},\"datePublished\":\"2021-11-12T12:49:34+00:00\",\"dateModified\":\"2023-03-06T13:03:58+00:00\",\"breadcrumb\":{\"@id\":\"https:\/\/www.alescaa.fr\/index.php\/section-les-deux-mains-gauches\/#breadcrumb\"},\"inLanguage\":\"fr-FR\",\"potentialAction\":[{\"@type\":\"ReadAction\",\"target\":[\"https:\/\/www.alescaa.fr\/index.php\/section-les-deux-mains-gauches\/\"]}]},{\"@type\":\"BreadcrumbList\",\"@id\":\"https:\/\/www.alescaa.fr\/index.php\/section-les-deux-mains-gauches\/#breadcrumb\",\"itemListElement\":[{\"@type\":\"ListItem\",\"position\":1,\"name\":\"Accueil\",\"item\":\"https:\/\/www.alescaa.fr\/\"},{\"@type\":\"ListItem\",\"position\":2,\"name\":\"Section \u00ab\u00a0Les deux mains gauches\u00a0\u00bb\"}]},{\"@type\":\"WebSite\",\"@id\":\"https:\/\/www.alescaa.fr\/#website\",\"url\":\"https:\/\/www.alescaa.fr\/\",\"name\":\"A.L.E.S.C.A.A.\",\"description\":\"Amicale La\u00efque Educative Sportive et Culturelle d&#039;Autheuil-Authouillet\",\"publisher\":{\"@id\":\"https:\/\/www.alescaa.fr\/#organization\"},\"potentialAction\":[{\"@type\":\"SearchAction\",\"target\":{\"@type\":\"EntryPoint\",\"urlTemplate\":\"https:\/\/www.alescaa.fr\/?s={search_term_string}\"},\"query-input\":\"required name=search_term_string\"}],\"inLanguage\":\"fr-FR\"},{\"@type\":\"Organization\",\"@id\":\"https:\/\/www.alescaa.fr\/#organization\",\"name\":\"A.L.E.S.C.A.A.\",\"url\":\"https:\/\/www.alescaa.fr\/\",\"logo\":{\"@type\":\"ImageObject\",\"inLanguage\":\"fr-FR\",\"@id\":\"https:\/\/www.alescaa.fr\/#\/schema\/logo\/image\/\",\"url\":\"https:\/\/www.alescaa.fr\/wp-content\/uploads\/2022\/02\/Logo-Alescaa-2022.png\",\"contentUrl\":\"https:\/\/www.alescaa.fr\/wp-content\/uploads\/2022\/02\/Logo-Alescaa-2022.png\",\"width\":512,\"height\":482,\"caption\":\"A.L.E.S.C.A.A.\"},\"image\":{\"@id\":\"https:\/\/www.alescaa.fr\/#\/schema\/logo\/image\/\"}}]}<\/script>\n<!-- \/ Yoast SEO plugin. -->","yoast_head_json":{"title":"Section \"Les deux mains gauches\" - A.L.E.S.C.A.A.","robots":{"index":"index","follow":"follow","max-snippet":"max-snippet:-1","max-image-preview":"max-image-preview:large","max-video-preview":"max-video-preview:-1"},"canonical":"https:\/\/www.alescaa.fr\/index.php\/section-les-deux-mains-gauches\/","og_locale":"fr_FR","og_type":"article","og_title":"Section \"Les deux mains gauches\" - A.L.E.S.C.A.A.","og_description":"Pour se rencontrer autour d&rsquo;activit\u00e9s manuelles en vall\u00e9e d&rsquo;Eure Tricot, couture, collage&#8230; les activit\u00e9s de loisirs cr\u00e9atifs ne manquent pas pour ceux qui veulent mettre leur imagination \u00e0 l\u2019\u00e9preuve et exprimer leur talent artistique sur des objets du quotidien. Vous \u00eates adeptes de ce nouveau ph\u00e9nom\u00e8ne du Do It Yourself ou Faites-le vous-m\u00eame ?Vous souhaitez [&hellip;]","og_url":"https:\/\/www.alescaa.fr\/index.php\/section-les-deux-mains-gauches\/","og_site_name":"A.L.E.S.C.A.A.","article_modified_time":"2023-03-06T13:03:58+00:00","og_image":[{"url":"https:\/\/www.alescaa.fr\/wp-content\/uploads\/2021\/11\/image-5.png"}],"twitter_card":"summary_large_image","schema":{"@context":"https:\/\/schema.org","@graph":[{"@type":"WebPage","@id":"https:\/\/www.alescaa.fr\/index.php\/section-les-deux-mains-gauches\/","url":"https:\/\/www.alescaa.fr\/index.php\/section-les-deux-mains-gauches\/","name":"Section \"Les deux mains gauches\" - A.L.E.S.C.A.A.","isPartOf":{"@id":"https:\/\/www.alescaa.fr\/#website"},"datePublished":"2021-11-12T12:49:34+00:00","dateModified":"2023-03-06T13:03:58+00:00","breadcrumb":{"@id":"https:\/\/www.alescaa.fr\/index.php\/section-les-deux-mains-gauches\/#breadcrumb"},"inLanguage":"fr-FR","potentialAction":[{"@type":"ReadAction","target":["https:\/\/www.alescaa.fr\/index.php\/section-les-deux-mains-gauches\/"]}]},{"@type":"BreadcrumbList","@id":"https:\/\/www.alescaa.fr\/index.php\/section-les-deux-mains-gauches\/#breadcrumb","itemListElement":[{"@type":"ListItem","position":1,"name":"Accueil","item":"https:\/\/www.alescaa.fr\/"},{"@type":"ListItem","position":2,"name":"Section \u00ab\u00a0Les deux mains gauches\u00a0\u00bb"}]},{"@type":"WebSite","@id":"https:\/\/www.alescaa.fr\/#website","url":"https:\/\/www.alescaa.fr\/","name":"A.L.E.S.C.A.A.","description":"Amicale La\u00efque Educative Sportive et Culturelle d&#039;Autheuil-Authouillet","publisher":{"@id":"https:\/\/www.alescaa.fr\/#organization"},"potentialAction":[{"@type":"SearchAction","target":{"@type":"EntryPoint","urlTemplate":"https:\/\/www.alescaa.fr\/?s={search_term_string}"},"query-input":"required name=search_term_string"}],"inLanguage":"fr-FR"},{"@type":"Organization","@id":"https:\/\/www.alescaa.fr\/#organization","name":"A.L.E.S.C.A.A.","url":"https:\/\/www.alescaa.fr\/","logo":{"@type":"ImageObject","inLanguage":"fr-FR","@id":"https:\/\/www.alescaa.fr\/#\/schema\/logo\/image\/","url":"https:\/\/www.alescaa.fr\/wp-content\/uploads\/2022\/02\/Logo-Alescaa-2022.png","contentUrl":"https:\/\/www.alescaa.fr\/wp-content\/uploads\/2022\/02\/Logo-Alescaa-2022.png","width":512,"height":482,"caption":"A.L.E.S.C.A.A."},"image":{"@id":"https:\/\/www.alescaa.fr\/#\/schema\/logo\/image\/"}}]}},"_links":{"self":[{"href":"https:\/\/www.alescaa.fr\/index.php\/wp-json\/wp\/v2\/pages\/3043"}],"collection":[{"href":"https:\/\/www.alescaa.fr\/index.php\/wp-json\/wp\/v2\/pages"}],"about":[{"href":"https:\/\/www.alescaa.fr\/index.php\/wp-json\/wp\/v2\/types\/page"}],"author":[{"embeddable":true,"href":"https:\/\/www.alescaa.fr\/index.php\/wp-json\/wp\/v2\/users\/3"}],"replies":[{"embeddable":true,"href":"https:\/\/www.alescaa.fr\/index.php\/wp-json\/wp\/v2\/comments?post=3043"}],"version-history":[{"count":25,"href":"https:\/\/www.alescaa.fr\/index.php\/wp-json\/wp\/v2\/pages\/3043\/revisions"}],"predecessor-version":[{"id":4799,"href":"https:\/\/www.alescaa.fr\/index.php\/wp-json\/wp\/v2\/pages\/3043\/revisions\/4799"}],"wp:attachment":[{"href":"https:\/\/www.alescaa.fr\/index.php\/wp-json\/wp\/v2\/media?parent=3043"}],"curies":[{"name":"wp","href":"https:\/\/api.w.org\/{rel}","templated":true}]}}