{"id":3100,"date":"2021-11-12T14:11:03","date_gmt":"2021-11-12T13:11:03","guid":{"rendered":"http:\/\/alescaa.fr\/?p=3100"},"modified":"2024-01-27T14:22:13","modified_gmt":"2024-01-27T13:22:13","slug":"creer-une-section-proposer-une-manifestation","status":"publish","type":"page","link":"https:\/\/www.alescaa.fr\/index.php\/creer-une-section-proposer-une-manifestation\/","title":{"rendered":"Cr\u00e9er une section"},"content":{"rendered":"\n<p><strong>L\u2019ALESCAA est une association dynamique \u00e0 g\u00e9om\u00e9trie variable pour s\u2019adapter aux souhaits et aspirations des habitants de la commune.<\/strong><\/p>\n\n\n\n<p>Les sections sont en nombre variable. Certaines activit\u00e9s existent ou ont exist\u00e9 pendant de nombreuses ann\u00e9es. D\u2019autres ont fait des passages plus discrets ou rapides. Et certaines remontent \u00e0 un temps que les plus jeunes n&rsquo;ont pas connu. Selon que l\u2019activit\u00e9 propos\u00e9e rencontre son public ou pas, elles s&rsquo;ouvrent ou se ferment en toute simplicit\u00e9. Et les activit\u00e9s propos\u00e9es sont vari\u00e9es : sportives, cr\u00e9atives, musicales, ludiques, de loisir ou de soci\u00e9t\u00e9.<\/p>\n\n\n\n<p>Comme vous le voyez, l\u2019ALESCAA est ouverte \u00e0 toute proposition ; et pr\u00eate \u00e0 accompagner tout projet du moment o\u00f9 il a vocation \u00e0 dynamiser le village.<\/p>\n\n\n\n<p>L\u2019ALESCAA est un moyen d\u2019offrir un statut \u00e0 toute cr\u00e9ation de section, mais aussi un appui logistique (couverture d&rsquo;assurance), mat\u00e9riel et financier. Eventuellement, si besoin, la section pourra s\u2019adosser \u00e0 une f\u00e9d\u00e9ration sportive sp\u00e9cialis\u00e9e (ex : FFCT pour le cyclo) ou g\u00e9n\u00e9raliste (UFOLEP). Ce n&rsquo;est pas incompatible avec nos statuts.<\/p>\n\n\n\n<p>Cr\u00e9er une section est simple : il suffit de nous pr\u00e9senter l\u2019id\u00e9e pour que nous l&rsquo;\u00e9tudions ensemble. A partir de ce moment, nous \u00e9valuons ensemble si le projet est r\u00e9alisable ou pas, et comment. A ce jour, la plupart des projets se sont concr\u00e9tis\u00e9s, parfois m\u00eame sans int\u00e9grer l&rsquo;ALESCAA.<\/p>\n\n\n\n<p>Alors, n&rsquo;h\u00e9sitez pas \u00e0 prendre contact avec nous pour en discuter. Notre r\u00f4le est de vous accompagner dans la d\u00e9marche pour vous aider \u00e0 concr\u00e9tiser votre projet.<\/p>\n","protected":false},"excerpt":{"rendered":"<p>L\u2019ALESCAA est une association dynamique \u00e0 g\u00e9om\u00e9trie variable pour s\u2019adapter aux souhaits et aspirations des habitants de la commune. Les sections sont en nombre variable. Certaines activit\u00e9s existent ou ont exist\u00e9 pendant de nombreuses ann\u00e9es. D\u2019autres ont fait des passages plus discrets ou rapides. Et certaines remontent \u00e0 un temps que les plus jeunes n&rsquo;ont [&hellip;]<\/p>\n","protected":false},"author":3,"featured_media":0,"parent":0,"menu_order":0,"comment_status":"closed","ping_status":"closed","template":"","meta":[],"yoast_head":"<!-- This site is optimized with the Yoast SEO plugin v21.8.1 - https:\/\/yoast.com\/wordpress\/plugins\/seo\/ -->\n<title>Cr\u00e9er une section - A.L.E.S.C.A.A.<\/title>\n<meta name=\"robots\" content=\"index, follow, max-snippet:-1, max-image-preview:large, max-video-preview:-1\" \/>\n<link rel=\"canonical\" href=\"https:\/\/www.alescaa.fr\/index.php\/creer-une-section-proposer-une-manifestation\/\" \/>\n<meta property=\"og:locale\" content=\"fr_FR\" \/>\n<meta property=\"og:type\" content=\"article\" \/>\n<meta property=\"og:title\" content=\"Cr\u00e9er une section - A.L.E.S.C.A.A.\" \/>\n<meta property=\"og:description\" content=\"L\u2019ALESCAA est une association dynamique \u00e0 g\u00e9om\u00e9trie variable pour s\u2019adapter aux souhaits et aspirations des habitants de la commune. Les sections sont en nombre variable. Certaines activit\u00e9s existent ou ont exist\u00e9 pendant de nombreuses ann\u00e9es. D\u2019autres ont fait des passages plus discrets ou rapides. Et certaines remontent \u00e0 un temps que les plus jeunes n&rsquo;ont [&hellip;]\" \/>\n<meta property=\"og:url\" content=\"https:\/\/www.alescaa.fr\/index.php\/creer-une-section-proposer-une-manifestation\/\" \/>\n<meta property=\"og:site_name\" content=\"A.L.E.S.C.A.A.\" \/>\n<meta property=\"article:modified_time\" content=\"2024-01-27T13:22:13+00:00\" \/>\n<meta name=\"twitter:card\" content=\"summary_large_image\" \/>\n<meta name=\"twitter:label1\" content=\"Dur\u00e9e de lecture estim\u00e9e\" \/>\n\t<meta name=\"twitter:data1\" content=\"2 minutes\" \/>\n<script type=\"application\/ld+json\" class=\"yoast-schema-graph\">{\"@context\":\"https:\/\/schema.org\",\"@graph\":[{\"@type\":\"WebPage\",\"@id\":\"https:\/\/www.alescaa.fr\/index.php\/creer-une-section-proposer-une-manifestation\/\",\"url\":\"https:\/\/www.alescaa.fr\/index.php\/creer-une-section-proposer-une-manifestation\/\",\"name\":\"Cr\u00e9er une section - A.L.E.S.C.A.A.\",\"isPartOf\":{\"@id\":\"https:\/\/www.alescaa.fr\/#website\"},\"datePublished\":\"2021-11-12T13:11:03+00:00\",\"dateModified\":\"2024-01-27T13:22:13+00:00\",\"breadcrumb\":{\"@id\":\"https:\/\/www.alescaa.fr\/index.php\/creer-une-section-proposer-une-manifestation\/#breadcrumb\"},\"inLanguage\":\"fr-FR\",\"potentialAction\":[{\"@type\":\"ReadAction\",\"target\":[\"https:\/\/www.alescaa.fr\/index.php\/creer-une-section-proposer-une-manifestation\/\"]}]},{\"@type\":\"BreadcrumbList\",\"@id\":\"https:\/\/www.alescaa.fr\/index.php\/creer-une-section-proposer-une-manifestation\/#breadcrumb\",\"itemListElement\":[{\"@type\":\"ListItem\",\"position\":1,\"name\":\"Accueil\",\"item\":\"https:\/\/www.alescaa.fr\/\"},{\"@type\":\"ListItem\",\"position\":2,\"name\":\"Cr\u00e9er une section\"}]},{\"@type\":\"WebSite\",\"@id\":\"https:\/\/www.alescaa.fr\/#website\",\"url\":\"https:\/\/www.alescaa.fr\/\",\"name\":\"A.L.E.S.C.A.A.\",\"description\":\"Amicale La\u00efque Educative Sportive et Culturelle d&#039;Autheuil-Authouillet\",\"publisher\":{\"@id\":\"https:\/\/www.alescaa.fr\/#organization\"},\"potentialAction\":[{\"@type\":\"SearchAction\",\"target\":{\"@type\":\"EntryPoint\",\"urlTemplate\":\"https:\/\/www.alescaa.fr\/?s={search_term_string}\"},\"query-input\":\"required name=search_term_string\"}],\"inLanguage\":\"fr-FR\"},{\"@type\":\"Organization\",\"@id\":\"https:\/\/www.alescaa.fr\/#organization\",\"name\":\"A.L.E.S.C.A.A.\",\"url\":\"https:\/\/www.alescaa.fr\/\",\"logo\":{\"@type\":\"ImageObject\",\"inLanguage\":\"fr-FR\",\"@id\":\"https:\/\/www.alescaa.fr\/#\/schema\/logo\/image\/\",\"url\":\"https:\/\/www.alescaa.fr\/wp-content\/uploads\/2022\/02\/Logo-Alescaa-2022.png\",\"contentUrl\":\"https:\/\/www.alescaa.fr\/wp-content\/uploads\/2022\/02\/Logo-Alescaa-2022.png\",\"width\":512,\"height\":482,\"caption\":\"A.L.E.S.C.A.A.\"},\"image\":{\"@id\":\"https:\/\/www.alescaa.fr\/#\/schema\/logo\/image\/\"}}]}<\/script>\n<!-- \/ Yoast SEO plugin. -->","yoast_head_json":{"title":"Cr\u00e9er une section - A.L.E.S.C.A.A.","robots":{"index":"index","follow":"follow","max-snippet":"max-snippet:-1","max-image-preview":"max-image-preview:large","max-video-preview":"max-video-preview:-1"},"canonical":"https:\/\/www.alescaa.fr\/index.php\/creer-une-section-proposer-une-manifestation\/","og_locale":"fr_FR","og_type":"article","og_title":"Cr\u00e9er une section - A.L.E.S.C.A.A.","og_description":"L\u2019ALESCAA est une association dynamique \u00e0 g\u00e9om\u00e9trie variable pour s\u2019adapter aux souhaits et aspirations des habitants de la commune. Les sections sont en nombre variable. Certaines activit\u00e9s existent ou ont exist\u00e9 pendant de nombreuses ann\u00e9es. D\u2019autres ont fait des passages plus discrets ou rapides. Et certaines remontent \u00e0 un temps que les plus jeunes n&rsquo;ont [&hellip;]","og_url":"https:\/\/www.alescaa.fr\/index.php\/creer-une-section-proposer-une-manifestation\/","og_site_name":"A.L.E.S.C.A.A.","article_modified_time":"2024-01-27T13:22:13+00:00","twitter_card":"summary_large_image","twitter_misc":{"Dur\u00e9e de lecture estim\u00e9e":"2 minutes"},"schema":{"@context":"https:\/\/schema.org","@graph":[{"@type":"WebPage","@id":"https:\/\/www.alescaa.fr\/index.php\/creer-une-section-proposer-une-manifestation\/","url":"https:\/\/www.alescaa.fr\/index.php\/creer-une-section-proposer-une-manifestation\/","name":"Cr\u00e9er une section - A.L.E.S.C.A.A.","isPartOf":{"@id":"https:\/\/www.alescaa.fr\/#website"},"datePublished":"2021-11-12T13:11:03+00:00","dateModified":"2024-01-27T13:22:13+00:00","breadcrumb":{"@id":"https:\/\/www.alescaa.fr\/index.php\/creer-une-section-proposer-une-manifestation\/#breadcrumb"},"inLanguage":"fr-FR","potentialAction":[{"@type":"ReadAction","target":["https:\/\/www.alescaa.fr\/index.php\/creer-une-section-proposer-une-manifestation\/"]}]},{"@type":"BreadcrumbList","@id":"https:\/\/www.alescaa.fr\/index.php\/creer-une-section-proposer-une-manifestation\/#breadcrumb","itemListElement":[{"@type":"ListItem","position":1,"name":"Accueil","item":"https:\/\/www.alescaa.fr\/"},{"@type":"ListItem","position":2,"name":"Cr\u00e9er une section"}]},{"@type":"WebSite","@id":"https:\/\/www.alescaa.fr\/#website","url":"https:\/\/www.alescaa.fr\/","name":"A.L.E.S.C.A.A.","description":"Amicale La\u00efque Educative Sportive et Culturelle d&#039;Autheuil-Authouillet","publisher":{"@id":"https:\/\/www.alescaa.fr\/#organization"},"potentialAction":[{"@type":"SearchAction","target":{"@type":"EntryPoint","urlTemplate":"https:\/\/www.alescaa.fr\/?s={search_term_string}"},"query-input":"required name=search_term_string"}],"inLanguage":"fr-FR"},{"@type":"Organization","@id":"https:\/\/www.alescaa.fr\/#organization","name":"A.L.E.S.C.A.A.","url":"https:\/\/www.alescaa.fr\/","logo":{"@type":"ImageObject","inLanguage":"fr-FR","@id":"https:\/\/www.alescaa.fr\/#\/schema\/logo\/image\/","url":"https:\/\/www.alescaa.fr\/wp-content\/uploads\/2022\/02\/Logo-Alescaa-2022.png","contentUrl":"https:\/\/www.alescaa.fr\/wp-content\/uploads\/2022\/02\/Logo-Alescaa-2022.png","width":512,"height":482,"caption":"A.L.E.S.C.A.A."},"image":{"@id":"https:\/\/www.alescaa.fr\/#\/schema\/logo\/image\/"}}]}},"_links":{"self":[{"href":"https:\/\/www.alescaa.fr\/index.php\/wp-json\/wp\/v2\/pages\/3100"}],"collection":[{"href":"https:\/\/www.alescaa.fr\/index.php\/wp-json\/wp\/v2\/pages"}],"about":[{"href":"https:\/\/www.alescaa.fr\/index.php\/wp-json\/wp\/v2\/types\/page"}],"author":[{"embeddable":true,"href":"https:\/\/www.alescaa.fr\/index.php\/wp-json\/wp\/v2\/users\/3"}],"replies":[{"embeddable":true,"href":"https:\/\/www.alescaa.fr\/index.php\/wp-json\/wp\/v2\/comments?post=3100"}],"version-history":[{"count":14,"href":"https:\/\/www.alescaa.fr\/index.php\/wp-json\/wp\/v2\/pages\/3100\/revisions"}],"predecessor-version":[{"id":5003,"href":"https:\/\/www.alescaa.fr\/index.php\/wp-json\/wp\/v2\/pages\/3100\/revisions\/5003"}],"wp:attachment":[{"href":"https:\/\/www.alescaa.fr\/index.php\/wp-json\/wp\/v2\/media?parent=3100"}],"curies":[{"name":"wp","href":"https:\/\/api.w.org\/{rel}","templated":true}]}}