{"id":3232,"date":"2021-11-27T12:46:21","date_gmt":"2021-11-27T11:46:21","guid":{"rendered":"http:\/\/alescaa.fr\/?page_id=3232"},"modified":"2025-02-08T17:43:40","modified_gmt":"2025-02-08T16:43:40","slug":"presentation-la-foire-a-tout-de-paques","status":"publish","type":"page","link":"https:\/\/www.alescaa.fr\/index.php\/presentation-la-foire-a-tout-de-paques\/","title":{"rendered":"Pr\u00e9sentation de la Foire \u00e0 Tout de P\u00e2ques"},"content":{"rendered":"\n<p style=\"font-size:25px\"><strong>Tout le monde le sait dans la r\u00e9gion : le dimanche de P\u00e2ques, <strong>c\u2019est la Foire \u00e0 Tout \u00e0 Autheuil-Authouillet !<\/strong><br>Et c\u2019est une tradition depuis plus de 40 ans !<\/strong>&nbsp;<\/p>\n\n\n\n<div class=\"wp-block-group is-layout-flow\"><div class=\"wp-block-group__inner-container\">\n<div class=\"wp-block-columns is-layout-flex wp-container-2\">\n<div class=\"wp-block-column is-layout-flow\" style=\"flex-basis:100%\"><\/div>\n<\/div>\n<\/div><\/div>\n\n\n\n<div class=\"wp-block-columns is-layout-flex wp-container-8\">\n<div class=\"wp-block-column is-layout-flow\" style=\"flex-basis:50%\">\n<p class=\"has-medium-font-size\"> Depuis cette \u00e9poque, le c\u0153ur du village se voit investi par les chineurs et brocanteurs, tous les dimanches de P\u00e2ques, attirant jusqu\u2019\u00e0 250 exposants, particuliers (&gt;80%) et professionnels (&lt;20%). <\/p>\n\n\n\n<p class=\"has-medium-font-size\">Dans une ambiance conviviale, vous pourrez passer la journ\u00e9e sur place grace aux quelques points de restauration et \u00e0 la f\u00eate foraine.<\/p>\n\n\n\n<p class=\"has-medium-font-size\">Pour exposer, il vous suffit de vous inscrire, en allant sur la page \u00ab\u00a0Inscription\u00a0\u00bb du menu d\u00e9roulant \u00ab\u00a0Foire \u00e0 Tout\u00a0\u00bb ci-dessus.<\/p>\n<\/div>\n\n\n\n<div class=\"wp-block-column is-layout-flow\" style=\"flex-basis:50%\">\n<figure class=\"wp-block-gallery has-nested-images columns-default is-cropped wp-block-gallery-5 is-layout-flex\">\n<figure class=\"wp-block-image size-large\"><img decoding=\"async\" loading=\"lazy\" width=\"497\" height=\"383\" src=\"https:\/\/www.alescaa.fr\/wp-content\/uploads\/2021\/12\/paques-2008-4.jpg\" alt=\"\" class=\"wp-image-3506\"\/><figcaption class=\"wp-element-caption\">@ALESCAA Rue Yves Montand<\/figcaption><\/figure>\n<\/figure>\n<\/div>\n<\/div>\n\n\n\n<p><strong>Toute inscription pay\u00e9e est plac\u00e9e le plus au c\u0153ur de la Foire \u00e0 Tout dans l&rsquo;ordre d&rsquo;arriv\u00e9e des paiements.<\/strong><\/p>\n\n\n<div class=\"wp-block-image\">\n<figure class=\"aligncenter size-large\"><img decoding=\"async\" loading=\"lazy\" width=\"1024\" height=\"577\" src=\"https:\/\/www.alescaa.fr\/wp-content\/uploads\/2021\/12\/FAT-2015-Route-Evreux-et-fete-foraine-1024x577.jpg\" alt=\"\" class=\"wp-image-3471\" srcset=\"https:\/\/www.alescaa.fr\/wp-content\/uploads\/2021\/12\/FAT-2015-Route-Evreux-et-fete-foraine-1024x577.jpg 1024w, https:\/\/www.alescaa.fr\/wp-content\/uploads\/2021\/12\/FAT-2015-Route-Evreux-et-fete-foraine-600x338.jpg 600w, https:\/\/www.alescaa.fr\/wp-content\/uploads\/2021\/12\/FAT-2015-Route-Evreux-et-fete-foraine-768x432.jpg 768w, https:\/\/www.alescaa.fr\/wp-content\/uploads\/2021\/12\/FAT-2015-Route-Evreux-et-fete-foraine.jpg 1071w\" sizes=\"(max-width: 1024px) 100vw, 1024px\" \/><figcaption class=\"wp-element-caption\">@ALESCAA Vue a\u00e9rienne de la foire \u00e0 tout<\/figcaption><\/figure><\/div>","protected":false},"excerpt":{"rendered":"<p>Tout le monde le sait dans la r\u00e9gion : le dimanche de P\u00e2ques, c\u2019est la Foire \u00e0 Tout \u00e0 Autheuil-Authouillet !Et c\u2019est une tradition depuis plus de 40 ans !&nbsp; Depuis cette \u00e9poque, le c\u0153ur du village se voit investi par les chineurs et brocanteurs, tous les dimanches de P\u00e2ques, attirant jusqu\u2019\u00e0 250 exposants, particuliers [&hellip;]<\/p>\n","protected":false},"author":3,"featured_media":0,"parent":0,"menu_order":0,"comment_status":"closed","ping_status":"closed","template":"","meta":[],"yoast_head":"<!-- This site is optimized with the Yoast SEO plugin v21.8.1 - https:\/\/yoast.com\/wordpress\/plugins\/seo\/ -->\n<title>Pr\u00e9sentation de la Foire \u00e0 Tout de P\u00e2ques - A.L.E.S.C.A.A.<\/title>\n<meta name=\"robots\" content=\"index, follow, max-snippet:-1, max-image-preview:large, max-video-preview:-1\" \/>\n<link rel=\"canonical\" href=\"https:\/\/www.alescaa.fr\/index.php\/presentation-la-foire-a-tout-de-paques\/\" \/>\n<meta property=\"og:locale\" content=\"fr_FR\" \/>\n<meta property=\"og:type\" content=\"article\" \/>\n<meta property=\"og:title\" content=\"Pr\u00e9sentation de la Foire \u00e0 Tout de P\u00e2ques - A.L.E.S.C.A.A.\" \/>\n<meta property=\"og:description\" content=\"Tout le monde le sait dans la r\u00e9gion : le dimanche de P\u00e2ques, c\u2019est la Foire \u00e0 Tout \u00e0 Autheuil-Authouillet !Et c\u2019est une tradition depuis plus de 40 ans !&nbsp; Depuis cette \u00e9poque, le c\u0153ur du village se voit investi par les chineurs et brocanteurs, tous les dimanches de P\u00e2ques, attirant jusqu\u2019\u00e0 250 exposants, particuliers [&hellip;]\" \/>\n<meta property=\"og:url\" content=\"https:\/\/www.alescaa.fr\/index.php\/presentation-la-foire-a-tout-de-paques\/\" \/>\n<meta property=\"og:site_name\" content=\"A.L.E.S.C.A.A.\" \/>\n<meta property=\"article:modified_time\" content=\"2025-02-08T16:43:40+00:00\" \/>\n<meta property=\"og:image\" content=\"https:\/\/www.alescaa.fr\/wp-content\/uploads\/2021\/12\/paques-2008-4.jpg\" \/>\n<meta name=\"twitter:card\" content=\"summary_large_image\" \/>\n<meta name=\"twitter:label1\" content=\"Dur\u00e9e de lecture estim\u00e9e\" \/>\n\t<meta name=\"twitter:data1\" content=\"2 minutes\" \/>\n<script type=\"application\/ld+json\" class=\"yoast-schema-graph\">{\"@context\":\"https:\/\/schema.org\",\"@graph\":[{\"@type\":\"WebPage\",\"@id\":\"https:\/\/www.alescaa.fr\/index.php\/presentation-la-foire-a-tout-de-paques\/\",\"url\":\"https:\/\/www.alescaa.fr\/index.php\/presentation-la-foire-a-tout-de-paques\/\",\"name\":\"Pr\u00e9sentation de la Foire \u00e0 Tout de P\u00e2ques - A.L.E.S.C.A.A.\",\"isPartOf\":{\"@id\":\"https:\/\/www.alescaa.fr\/#website\"},\"datePublished\":\"2021-11-27T11:46:21+00:00\",\"dateModified\":\"2025-02-08T16:43:40+00:00\",\"breadcrumb\":{\"@id\":\"https:\/\/www.alescaa.fr\/index.php\/presentation-la-foire-a-tout-de-paques\/#breadcrumb\"},\"inLanguage\":\"fr-FR\",\"potentialAction\":[{\"@type\":\"ReadAction\",\"target\":[\"https:\/\/www.alescaa.fr\/index.php\/presentation-la-foire-a-tout-de-paques\/\"]}]},{\"@type\":\"BreadcrumbList\",\"@id\":\"https:\/\/www.alescaa.fr\/index.php\/presentation-la-foire-a-tout-de-paques\/#breadcrumb\",\"itemListElement\":[{\"@type\":\"ListItem\",\"position\":1,\"name\":\"Accueil\",\"item\":\"https:\/\/www.alescaa.fr\/\"},{\"@type\":\"ListItem\",\"position\":2,\"name\":\"Pr\u00e9sentation de la Foire \u00e0 Tout de P\u00e2ques\"}]},{\"@type\":\"WebSite\",\"@id\":\"https:\/\/www.alescaa.fr\/#website\",\"url\":\"https:\/\/www.alescaa.fr\/\",\"name\":\"A.L.E.S.C.A.A.\",\"description\":\"Amicale La\u00efque Educative Sportive et Culturelle d&#039;Autheuil-Authouillet\",\"publisher\":{\"@id\":\"https:\/\/www.alescaa.fr\/#organization\"},\"potentialAction\":[{\"@type\":\"SearchAction\",\"target\":{\"@type\":\"EntryPoint\",\"urlTemplate\":\"https:\/\/www.alescaa.fr\/?s={search_term_string}\"},\"query-input\":\"required name=search_term_string\"}],\"inLanguage\":\"fr-FR\"},{\"@type\":\"Organization\",\"@id\":\"https:\/\/www.alescaa.fr\/#organization\",\"name\":\"A.L.E.S.C.A.A.\",\"url\":\"https:\/\/www.alescaa.fr\/\",\"logo\":{\"@type\":\"ImageObject\",\"inLanguage\":\"fr-FR\",\"@id\":\"https:\/\/www.alescaa.fr\/#\/schema\/logo\/image\/\",\"url\":\"https:\/\/www.alescaa.fr\/wp-content\/uploads\/2022\/02\/Logo-Alescaa-2022.png\",\"contentUrl\":\"https:\/\/www.alescaa.fr\/wp-content\/uploads\/2022\/02\/Logo-Alescaa-2022.png\",\"width\":512,\"height\":482,\"caption\":\"A.L.E.S.C.A.A.\"},\"image\":{\"@id\":\"https:\/\/www.alescaa.fr\/#\/schema\/logo\/image\/\"}}]}<\/script>\n<!-- \/ Yoast SEO plugin. -->","yoast_head_json":{"title":"Pr\u00e9sentation de la Foire \u00e0 Tout de P\u00e2ques - A.L.E.S.C.A.A.","robots":{"index":"index","follow":"follow","max-snippet":"max-snippet:-1","max-image-preview":"max-image-preview:large","max-video-preview":"max-video-preview:-1"},"canonical":"https:\/\/www.alescaa.fr\/index.php\/presentation-la-foire-a-tout-de-paques\/","og_locale":"fr_FR","og_type":"article","og_title":"Pr\u00e9sentation de la Foire \u00e0 Tout de P\u00e2ques - A.L.E.S.C.A.A.","og_description":"Tout le monde le sait dans la r\u00e9gion : le dimanche de P\u00e2ques, c\u2019est la Foire \u00e0 Tout \u00e0 Autheuil-Authouillet !Et c\u2019est une tradition depuis plus de 40 ans !&nbsp; Depuis cette \u00e9poque, le c\u0153ur du village se voit investi par les chineurs et brocanteurs, tous les dimanches de P\u00e2ques, attirant jusqu\u2019\u00e0 250 exposants, particuliers [&hellip;]","og_url":"https:\/\/www.alescaa.fr\/index.php\/presentation-la-foire-a-tout-de-paques\/","og_site_name":"A.L.E.S.C.A.A.","article_modified_time":"2025-02-08T16:43:40+00:00","og_image":[{"url":"https:\/\/www.alescaa.fr\/wp-content\/uploads\/2021\/12\/paques-2008-4.jpg"}],"twitter_card":"summary_large_image","twitter_misc":{"Dur\u00e9e de lecture estim\u00e9e":"2 minutes"},"schema":{"@context":"https:\/\/schema.org","@graph":[{"@type":"WebPage","@id":"https:\/\/www.alescaa.fr\/index.php\/presentation-la-foire-a-tout-de-paques\/","url":"https:\/\/www.alescaa.fr\/index.php\/presentation-la-foire-a-tout-de-paques\/","name":"Pr\u00e9sentation de la Foire \u00e0 Tout de P\u00e2ques - A.L.E.S.C.A.A.","isPartOf":{"@id":"https:\/\/www.alescaa.fr\/#website"},"datePublished":"2021-11-27T11:46:21+00:00","dateModified":"2025-02-08T16:43:40+00:00","breadcrumb":{"@id":"https:\/\/www.alescaa.fr\/index.php\/presentation-la-foire-a-tout-de-paques\/#breadcrumb"},"inLanguage":"fr-FR","potentialAction":[{"@type":"ReadAction","target":["https:\/\/www.alescaa.fr\/index.php\/presentation-la-foire-a-tout-de-paques\/"]}]},{"@type":"BreadcrumbList","@id":"https:\/\/www.alescaa.fr\/index.php\/presentation-la-foire-a-tout-de-paques\/#breadcrumb","itemListElement":[{"@type":"ListItem","position":1,"name":"Accueil","item":"https:\/\/www.alescaa.fr\/"},{"@type":"ListItem","position":2,"name":"Pr\u00e9sentation de la Foire \u00e0 Tout de P\u00e2ques"}]},{"@type":"WebSite","@id":"https:\/\/www.alescaa.fr\/#website","url":"https:\/\/www.alescaa.fr\/","name":"A.L.E.S.C.A.A.","description":"Amicale La\u00efque Educative Sportive et Culturelle d&#039;Autheuil-Authouillet","publisher":{"@id":"https:\/\/www.alescaa.fr\/#organization"},"potentialAction":[{"@type":"SearchAction","target":{"@type":"EntryPoint","urlTemplate":"https:\/\/www.alescaa.fr\/?s={search_term_string}"},"query-input":"required name=search_term_string"}],"inLanguage":"fr-FR"},{"@type":"Organization","@id":"https:\/\/www.alescaa.fr\/#organization","name":"A.L.E.S.C.A.A.","url":"https:\/\/www.alescaa.fr\/","logo":{"@type":"ImageObject","inLanguage":"fr-FR","@id":"https:\/\/www.alescaa.fr\/#\/schema\/logo\/image\/","url":"https:\/\/www.alescaa.fr\/wp-content\/uploads\/2022\/02\/Logo-Alescaa-2022.png","contentUrl":"https:\/\/www.alescaa.fr\/wp-content\/uploads\/2022\/02\/Logo-Alescaa-2022.png","width":512,"height":482,"caption":"A.L.E.S.C.A.A."},"image":{"@id":"https:\/\/www.alescaa.fr\/#\/schema\/logo\/image\/"}}]}},"_links":{"self":[{"href":"https:\/\/www.alescaa.fr\/index.php\/wp-json\/wp\/v2\/pages\/3232"}],"collection":[{"href":"https:\/\/www.alescaa.fr\/index.php\/wp-json\/wp\/v2\/pages"}],"about":[{"href":"https:\/\/www.alescaa.fr\/index.php\/wp-json\/wp\/v2\/types\/page"}],"author":[{"embeddable":true,"href":"https:\/\/www.alescaa.fr\/index.php\/wp-json\/wp\/v2\/users\/3"}],"replies":[{"embeddable":true,"href":"https:\/\/www.alescaa.fr\/index.php\/wp-json\/wp\/v2\/comments?post=3232"}],"version-history":[{"count":21,"href":"https:\/\/www.alescaa.fr\/index.php\/wp-json\/wp\/v2\/pages\/3232\/revisions"}],"predecessor-version":[{"id":5208,"href":"https:\/\/www.alescaa.fr\/index.php\/wp-json\/wp\/v2\/pages\/3232\/revisions\/5208"}],"wp:attachment":[{"href":"https:\/\/www.alescaa.fr\/index.php\/wp-json\/wp\/v2\/media?parent=3232"}],"curies":[{"name":"wp","href":"https:\/\/api.w.org\/{rel}","templated":true}]}}