{"id":3235,"date":"2021-11-27T12:49:17","date_gmt":"2021-11-27T11:49:17","guid":{"rendered":"http:\/\/alescaa.fr\/?page_id=3235"},"modified":"2022-06-30T14:59:15","modified_gmt":"2022-06-30T12:59:15","slug":"plan-de-deviation-dautheuil-authouillet","status":"publish","type":"page","link":"https:\/\/www.alescaa.fr\/index.php\/plan-de-deviation-dautheuil-authouillet\/","title":{"rendered":"Plans d&rsquo;acc\u00e8s, parkings et d\u00e9viation"},"content":{"rendered":"\n<p><strong>Foire \u00e0 Tout du dimanche de P\u00e2ques<br>D\u00e9viation effective de 6h00 \u00e0 20h<\/strong><\/p>\n\n\n\n<p>Les plans ci-dessous sont imprimables \u00e0 partir des fichiers mis \u00e0 disposition dans le menu Documents utiles (colonne de droite).<\/p>\n\n\n\n<p class=\"has-vivid-red-color has-text-color has-medium-font-size\"><strong>Plan de d\u00e9viation<\/strong><\/p>\n\n\n\n<figure class=\"wp-block-image size-full\"><img decoding=\"async\" loading=\"lazy\" width=\"664\" height=\"744\" src=\"https:\/\/www.alescaa.fr\/wp-content\/uploads\/2021\/11\/plan.jpg\" alt=\"\" class=\"wp-image-3236\" srcset=\"https:\/\/www.alescaa.fr\/wp-content\/uploads\/2021\/11\/plan.jpg 664w, https:\/\/www.alescaa.fr\/wp-content\/uploads\/2021\/11\/plan-535x600.jpg 535w\" sizes=\"(max-width: 664px) 100vw, 664px\" \/><\/figure>\n\n\n\n<p><strong>Axe Gaillon \u2013 Evreux<\/strong>&nbsp;: \u00e0 Autheuil Authouillet prendre Chambray puis Fontaine Sous Jouy.<\/p>\n\n\n\n<p><strong>Axe Evreux \u2013 Gaillon<\/strong>&nbsp;: \u00e0 Saint Vigor prendre Fontaine Sous Jouy, Chambray puis Autheuil Authouillet.<\/p>\n\n\n\n<p><strong>Axe Pacy Sur Eure \u2013 Louviers<\/strong>&nbsp;: \u00e0 Chambray prendre Fontaine Sous Jouy, Saint Vigor puis La Croix Saint Leufroy.<\/p>\n\n\n\n<p><strong>Axe Louviers \u2013 Pacy Sur Eure<\/strong>&nbsp;: \u00e0 La Croix Saint Leufroy prendre Cr\u00e8vecoeur, Saint Vigor, Fontaine Sous Jouy puis Chambray.<\/p>\n\n\n\n<p class=\"has-text-align-left has-vivid-red-color has-text-color has-medium-font-size\"><strong>\u00a0Plan des codes couleurs des secteurs d&rsquo;exposition et des parkings<\/strong><\/p>\n\n\n\n<div class=\"wp-block-image\"><figure class=\"alignleft size-full\"><img decoding=\"async\" loading=\"lazy\" width=\"790\" height=\"750\" src=\"http:\/\/alescaa.fr\/wp-content\/uploads\/2021\/11\/codes_couleurs.jpg\" alt=\"\" class=\"wp-image-3237\" srcset=\"https:\/\/www.alescaa.fr\/wp-content\/uploads\/2021\/11\/codes_couleurs.jpg 790w, https:\/\/www.alescaa.fr\/wp-content\/uploads\/2021\/11\/codes_couleurs-600x570.jpg 600w, https:\/\/www.alescaa.fr\/wp-content\/uploads\/2021\/11\/codes_couleurs-768x729.jpg 768w\" sizes=\"(max-width: 790px) 100vw, 790px\" \/><\/figure><\/div>\n\n\n\n<p><\/p>\n","protected":false},"excerpt":{"rendered":"<p>Foire \u00e0 Tout du dimanche de P\u00e2quesD\u00e9viation effective de 6h00 \u00e0 20h Les plans ci-dessous sont imprimables \u00e0 partir des fichiers mis \u00e0 disposition dans le menu Documents utiles (colonne de droite). Plan de d\u00e9viation Axe Gaillon \u2013 Evreux&nbsp;: \u00e0 Autheuil Authouillet prendre Chambray puis Fontaine Sous Jouy. Axe Evreux \u2013 Gaillon&nbsp;: \u00e0 Saint Vigor [&hellip;]<\/p>\n","protected":false},"author":3,"featured_media":0,"parent":0,"menu_order":0,"comment_status":"closed","ping_status":"closed","template":"","meta":[],"yoast_head":"<!-- This site is optimized with the Yoast SEO plugin v21.8.1 - https:\/\/yoast.com\/wordpress\/plugins\/seo\/ -->\n<title>Plans d&#039;acc\u00e8s, parkings et d\u00e9viation - A.L.E.S.C.A.A.<\/title>\n<meta name=\"robots\" content=\"index, follow, max-snippet:-1, max-image-preview:large, max-video-preview:-1\" \/>\n<link rel=\"canonical\" href=\"https:\/\/www.alescaa.fr\/index.php\/plan-de-deviation-dautheuil-authouillet\/\" \/>\n<meta property=\"og:locale\" content=\"fr_FR\" \/>\n<meta property=\"og:type\" content=\"article\" \/>\n<meta property=\"og:title\" content=\"Plans d&#039;acc\u00e8s, parkings et d\u00e9viation - A.L.E.S.C.A.A.\" \/>\n<meta property=\"og:description\" content=\"Foire \u00e0 Tout du dimanche de P\u00e2quesD\u00e9viation effective de 6h00 \u00e0 20h Les plans ci-dessous sont imprimables \u00e0 partir des fichiers mis \u00e0 disposition dans le menu Documents utiles (colonne de droite). Plan de d\u00e9viation Axe Gaillon \u2013 Evreux&nbsp;: \u00e0 Autheuil Authouillet prendre Chambray puis Fontaine Sous Jouy. Axe Evreux \u2013 Gaillon&nbsp;: \u00e0 Saint Vigor [&hellip;]\" \/>\n<meta property=\"og:url\" content=\"https:\/\/www.alescaa.fr\/index.php\/plan-de-deviation-dautheuil-authouillet\/\" \/>\n<meta property=\"og:site_name\" content=\"A.L.E.S.C.A.A.\" \/>\n<meta property=\"article:modified_time\" content=\"2022-06-30T12:59:15+00:00\" \/>\n<meta property=\"og:image\" content=\"https:\/\/www.alescaa.fr\/wp-content\/uploads\/2021\/11\/plan.jpg\" \/>\n<meta name=\"twitter:card\" content=\"summary_large_image\" \/>\n<meta name=\"twitter:label1\" content=\"Dur\u00e9e de lecture estim\u00e9e\" \/>\n\t<meta name=\"twitter:data1\" content=\"1 minute\" \/>\n<script type=\"application\/ld+json\" class=\"yoast-schema-graph\">{\"@context\":\"https:\/\/schema.org\",\"@graph\":[{\"@type\":\"WebPage\",\"@id\":\"https:\/\/www.alescaa.fr\/index.php\/plan-de-deviation-dautheuil-authouillet\/\",\"url\":\"https:\/\/www.alescaa.fr\/index.php\/plan-de-deviation-dautheuil-authouillet\/\",\"name\":\"Plans d'acc\u00e8s, parkings et d\u00e9viation - A.L.E.S.C.A.A.\",\"isPartOf\":{\"@id\":\"https:\/\/www.alescaa.fr\/#website\"},\"datePublished\":\"2021-11-27T11:49:17+00:00\",\"dateModified\":\"2022-06-30T12:59:15+00:00\",\"breadcrumb\":{\"@id\":\"https:\/\/www.alescaa.fr\/index.php\/plan-de-deviation-dautheuil-authouillet\/#breadcrumb\"},\"inLanguage\":\"fr-FR\",\"potentialAction\":[{\"@type\":\"ReadAction\",\"target\":[\"https:\/\/www.alescaa.fr\/index.php\/plan-de-deviation-dautheuil-authouillet\/\"]}]},{\"@type\":\"BreadcrumbList\",\"@id\":\"https:\/\/www.alescaa.fr\/index.php\/plan-de-deviation-dautheuil-authouillet\/#breadcrumb\",\"itemListElement\":[{\"@type\":\"ListItem\",\"position\":1,\"name\":\"Accueil\",\"item\":\"https:\/\/www.alescaa.fr\/\"},{\"@type\":\"ListItem\",\"position\":2,\"name\":\"Plans d&rsquo;acc\u00e8s, parkings et d\u00e9viation\"}]},{\"@type\":\"WebSite\",\"@id\":\"https:\/\/www.alescaa.fr\/#website\",\"url\":\"https:\/\/www.alescaa.fr\/\",\"name\":\"A.L.E.S.C.A.A.\",\"description\":\"Amicale La\u00efque Educative Sportive et Culturelle d&#039;Autheuil-Authouillet\",\"publisher\":{\"@id\":\"https:\/\/www.alescaa.fr\/#organization\"},\"potentialAction\":[{\"@type\":\"SearchAction\",\"target\":{\"@type\":\"EntryPoint\",\"urlTemplate\":\"https:\/\/www.alescaa.fr\/?s={search_term_string}\"},\"query-input\":\"required name=search_term_string\"}],\"inLanguage\":\"fr-FR\"},{\"@type\":\"Organization\",\"@id\":\"https:\/\/www.alescaa.fr\/#organization\",\"name\":\"A.L.E.S.C.A.A.\",\"url\":\"https:\/\/www.alescaa.fr\/\",\"logo\":{\"@type\":\"ImageObject\",\"inLanguage\":\"fr-FR\",\"@id\":\"https:\/\/www.alescaa.fr\/#\/schema\/logo\/image\/\",\"url\":\"https:\/\/www.alescaa.fr\/wp-content\/uploads\/2022\/02\/Logo-Alescaa-2022.png\",\"contentUrl\":\"https:\/\/www.alescaa.fr\/wp-content\/uploads\/2022\/02\/Logo-Alescaa-2022.png\",\"width\":512,\"height\":482,\"caption\":\"A.L.E.S.C.A.A.\"},\"image\":{\"@id\":\"https:\/\/www.alescaa.fr\/#\/schema\/logo\/image\/\"}}]}<\/script>\n<!-- \/ Yoast SEO plugin. -->","yoast_head_json":{"title":"Plans d'acc\u00e8s, parkings et d\u00e9viation - A.L.E.S.C.A.A.","robots":{"index":"index","follow":"follow","max-snippet":"max-snippet:-1","max-image-preview":"max-image-preview:large","max-video-preview":"max-video-preview:-1"},"canonical":"https:\/\/www.alescaa.fr\/index.php\/plan-de-deviation-dautheuil-authouillet\/","og_locale":"fr_FR","og_type":"article","og_title":"Plans d'acc\u00e8s, parkings et d\u00e9viation - A.L.E.S.C.A.A.","og_description":"Foire \u00e0 Tout du dimanche de P\u00e2quesD\u00e9viation effective de 6h00 \u00e0 20h Les plans ci-dessous sont imprimables \u00e0 partir des fichiers mis \u00e0 disposition dans le menu Documents utiles (colonne de droite). Plan de d\u00e9viation Axe Gaillon \u2013 Evreux&nbsp;: \u00e0 Autheuil Authouillet prendre Chambray puis Fontaine Sous Jouy. Axe Evreux \u2013 Gaillon&nbsp;: \u00e0 Saint Vigor [&hellip;]","og_url":"https:\/\/www.alescaa.fr\/index.php\/plan-de-deviation-dautheuil-authouillet\/","og_site_name":"A.L.E.S.C.A.A.","article_modified_time":"2022-06-30T12:59:15+00:00","og_image":[{"url":"https:\/\/www.alescaa.fr\/wp-content\/uploads\/2021\/11\/plan.jpg"}],"twitter_card":"summary_large_image","twitter_misc":{"Dur\u00e9e de lecture estim\u00e9e":"1 minute"},"schema":{"@context":"https:\/\/schema.org","@graph":[{"@type":"WebPage","@id":"https:\/\/www.alescaa.fr\/index.php\/plan-de-deviation-dautheuil-authouillet\/","url":"https:\/\/www.alescaa.fr\/index.php\/plan-de-deviation-dautheuil-authouillet\/","name":"Plans d'acc\u00e8s, parkings et d\u00e9viation - A.L.E.S.C.A.A.","isPartOf":{"@id":"https:\/\/www.alescaa.fr\/#website"},"datePublished":"2021-11-27T11:49:17+00:00","dateModified":"2022-06-30T12:59:15+00:00","breadcrumb":{"@id":"https:\/\/www.alescaa.fr\/index.php\/plan-de-deviation-dautheuil-authouillet\/#breadcrumb"},"inLanguage":"fr-FR","potentialAction":[{"@type":"ReadAction","target":["https:\/\/www.alescaa.fr\/index.php\/plan-de-deviation-dautheuil-authouillet\/"]}]},{"@type":"BreadcrumbList","@id":"https:\/\/www.alescaa.fr\/index.php\/plan-de-deviation-dautheuil-authouillet\/#breadcrumb","itemListElement":[{"@type":"ListItem","position":1,"name":"Accueil","item":"https:\/\/www.alescaa.fr\/"},{"@type":"ListItem","position":2,"name":"Plans d&rsquo;acc\u00e8s, parkings et d\u00e9viation"}]},{"@type":"WebSite","@id":"https:\/\/www.alescaa.fr\/#website","url":"https:\/\/www.alescaa.fr\/","name":"A.L.E.S.C.A.A.","description":"Amicale La\u00efque Educative Sportive et Culturelle d&#039;Autheuil-Authouillet","publisher":{"@id":"https:\/\/www.alescaa.fr\/#organization"},"potentialAction":[{"@type":"SearchAction","target":{"@type":"EntryPoint","urlTemplate":"https:\/\/www.alescaa.fr\/?s={search_term_string}"},"query-input":"required name=search_term_string"}],"inLanguage":"fr-FR"},{"@type":"Organization","@id":"https:\/\/www.alescaa.fr\/#organization","name":"A.L.E.S.C.A.A.","url":"https:\/\/www.alescaa.fr\/","logo":{"@type":"ImageObject","inLanguage":"fr-FR","@id":"https:\/\/www.alescaa.fr\/#\/schema\/logo\/image\/","url":"https:\/\/www.alescaa.fr\/wp-content\/uploads\/2022\/02\/Logo-Alescaa-2022.png","contentUrl":"https:\/\/www.alescaa.fr\/wp-content\/uploads\/2022\/02\/Logo-Alescaa-2022.png","width":512,"height":482,"caption":"A.L.E.S.C.A.A."},"image":{"@id":"https:\/\/www.alescaa.fr\/#\/schema\/logo\/image\/"}}]}},"_links":{"self":[{"href":"https:\/\/www.alescaa.fr\/index.php\/wp-json\/wp\/v2\/pages\/3235"}],"collection":[{"href":"https:\/\/www.alescaa.fr\/index.php\/wp-json\/wp\/v2\/pages"}],"about":[{"href":"https:\/\/www.alescaa.fr\/index.php\/wp-json\/wp\/v2\/types\/page"}],"author":[{"embeddable":true,"href":"https:\/\/www.alescaa.fr\/index.php\/wp-json\/wp\/v2\/users\/3"}],"replies":[{"embeddable":true,"href":"https:\/\/www.alescaa.fr\/index.php\/wp-json\/wp\/v2\/comments?post=3235"}],"version-history":[{"count":12,"href":"https:\/\/www.alescaa.fr\/index.php\/wp-json\/wp\/v2\/pages\/3235\/revisions"}],"predecessor-version":[{"id":4152,"href":"https:\/\/www.alescaa.fr\/index.php\/wp-json\/wp\/v2\/pages\/3235\/revisions\/4152"}],"wp:attachment":[{"href":"https:\/\/www.alescaa.fr\/index.php\/wp-json\/wp\/v2\/media?parent=3235"}],"curies":[{"name":"wp","href":"https:\/\/api.w.org\/{rel}","templated":true}]}}