{"id":3260,"date":"2021-12-13T14:42:51","date_gmt":"2021-12-13T13:42:51","guid":{"rendered":"http:\/\/alescaa.fr\/?page_id=3260"},"modified":"2024-01-31T13:58:26","modified_gmt":"2024-01-31T12:58:26","slug":"section-en-voiture-simone","status":"publish","type":"page","link":"https:\/\/www.alescaa.fr\/index.php\/section-en-voiture-simone\/","title":{"rendered":"Section \u00ab\u00a0En voiture Simone\u00a0\u00bb"},"content":{"rendered":"\n<p><strong>Une section \u00e0 l\u2019attention des jeunes de la commune.<\/strong><\/p>\n\n\n\n<p>Vous \u00eates parent d\u2019\u00e9l\u00e8ve, grand-parent, ado, enseignante, assistante maternelle, altolien ou altolienne \u2013 la liste n\u2019est pas exhaustive ! \u2013 et vous aimeriez vous investir dans les activit\u00e9s b\u00e9n\u00e9voles autour des enfants d\u2019Autheuil-Authouillet. Vous \u00eates le bienvenu ou la bienvenue !<\/p>\n\n\n\n<div class=\"wp-block-columns is-layout-flex wp-container-5\">\n<div class=\"wp-block-column is-layout-flow\" style=\"flex-basis:50%\">\n<p><strong>Les objectifs&nbsp;<\/strong><\/p>\n\n\n\n<ul>\n<li>Organiser des manifestations \u00e0 caract\u00e8re festif, sportif, culturel ou artisanal au b\u00e9n\u00e9fice des enfants d\u2019Autheuil-Authouillet et leurs familles : loto, vente de sapins de No\u00ebl, boum, kermesse, march\u00e9 de printemps, etc. Et pourquoi pas, en pr\u00e9voir de nouvelles.<\/li>\n\n\n\n<li>Apporter une aide financi\u00e8re aux animations scolaires et aux loisirs des jeunes de la commune.<\/li>\n\n\n\n<li>Maintenir ou cr\u00e9er un lien de convivialit\u00e9 entre les familles.<\/li>\n<\/ul>\n\n\n\n<p> <strong>Comment devenir membre&nbsp;?<\/strong><\/p>\n\n\n\n<p> Vous souhaitez&nbsp;proposer vos services ? Aider un peu, beaucoup, passionn\u00e9ment ? Partager vos id\u00e9es&nbsp;? Faire part de votre exp\u00e9rience ? Construire de nouveaux projets ? Rejoindre l&rsquo;\u00e9quipe ? D\u00e9cider ensemble ? Faire plaisir aux enfants ? Apporter votre grain de sel !? <\/p>\n<\/div>\n\n\n\n<div class=\"wp-block-column is-layout-flow\" style=\"flex-basis:50%\">\n<figure class=\"wp-block-gallery has-nested-images columns-default is-cropped wp-block-gallery-2 is-layout-flex\">\n<figure class=\"wp-block-image size-large\"><img decoding=\"async\" loading=\"lazy\" width=\"714\" height=\"738\" src=\"https:\/\/www.alescaa.fr\/wp-content\/uploads\/2021\/12\/Soiree-Loup-Garous.jpg\" alt=\"\" class=\"wp-image-3694\" srcset=\"https:\/\/www.alescaa.fr\/wp-content\/uploads\/2021\/12\/Soiree-Loup-Garous.jpg 714w, https:\/\/www.alescaa.fr\/wp-content\/uploads\/2021\/12\/Soiree-Loup-Garous-580x600.jpg 580w\" sizes=\"(max-width: 714px) 100vw, 714px\" \/><figcaption class=\"wp-element-caption\">@ALESCAA Soir\u00e9e Loup-Garou<\/figcaption><\/figure>\n\n\n\n<figure class=\"wp-block-image size-large\"><img decoding=\"async\" loading=\"lazy\" width=\"382\" height=\"537\" src=\"https:\/\/www.alescaa.fr\/wp-content\/uploads\/2021\/12\/affiche-cidex.png\" alt=\"\" class=\"wp-image-3663\"\/><figcaption class=\"wp-element-caption\">@ALESCAA Soir\u00e9e Halloween<\/figcaption><\/figure>\n<\/figure>\n<\/div>\n<\/div>\n\n\n\n<p>Bref, vous voulez vous joindre \u00e0 l\u2019aventure ? Devenez membre actif et participez \u00e0 nos rendez-vous r\u00e9guliers.<\/p>\n\n\n\n<p><strong>Contact : Ana\u00efs \/ 06.87.62.36.43<\/strong><\/p>\n\n\n\n<figure class=\"wp-block-gallery aligncenter has-nested-images columns-default wp-block-gallery-6 is-layout-flex\">\n<figure class=\"wp-block-image size-thumbnail\"><img decoding=\"async\" loading=\"lazy\" width=\"300\" height=\"300\" data-id=\"3657\"  src=\"https:\/\/www.alescaa.fr\/wp-content\/uploads\/2021\/12\/13116194_1234941583197747_7146487897027537860_o-300x300.jpg\" alt=\"\" class=\"wp-image-3657\"\/><figcaption class=\"wp-element-caption\">@ALESCAA Soir\u00e9e Cabaret<\/figcaption><\/figure>\n\n\n\n<figure class=\"wp-block-image size-thumbnail\"><img decoding=\"async\" loading=\"lazy\" width=\"300\" height=\"300\" data-id=\"3662\"  src=\"https:\/\/www.alescaa.fr\/wp-content\/uploads\/2021\/12\/34069039_10156273466984034_5000890427167997952_n-300x300.jpg\" alt=\"\" class=\"wp-image-3662\"\/><figcaption class=\"wp-element-caption\">@ALESCAA Randonn\u00e9e musicale<\/figcaption><\/figure>\n\n\n\n<figure class=\"wp-block-image size-thumbnail\"><img decoding=\"async\" loading=\"lazy\" width=\"300\" height=\"300\" data-id=\"3660\"  src=\"https:\/\/www.alescaa.fr\/wp-content\/uploads\/2021\/12\/53362551_10156940975899034_1002691803519909888_n-300x300.jpg\" alt=\"\" class=\"wp-image-3660\"\/><figcaption class=\"wp-element-caption\">@ALESCAA Enqu\u00eate party<\/figcaption><\/figure>\n<\/figure>\n","protected":false},"excerpt":{"rendered":"<p>Une section \u00e0 l\u2019attention des jeunes de la commune. Vous \u00eates parent d\u2019\u00e9l\u00e8ve, grand-parent, ado, enseignante, assistante maternelle, altolien ou altolienne \u2013 la liste n\u2019est pas exhaustive ! \u2013 et vous aimeriez vous investir dans les activit\u00e9s b\u00e9n\u00e9voles autour des enfants d\u2019Autheuil-Authouillet. Vous \u00eates le bienvenu ou la bienvenue ! Les objectifs&nbsp; Comment devenir membre&nbsp;? [&hellip;]<\/p>\n","protected":false},"author":3,"featured_media":0,"parent":0,"menu_order":0,"comment_status":"closed","ping_status":"closed","template":"","meta":[],"yoast_head":"<!-- This site is optimized with the Yoast SEO plugin v21.8.1 - https:\/\/yoast.com\/wordpress\/plugins\/seo\/ -->\n<title>Section &quot;En voiture Simone&quot; - A.L.E.S.C.A.A.<\/title>\n<meta name=\"robots\" content=\"index, follow, max-snippet:-1, max-image-preview:large, max-video-preview:-1\" \/>\n<link rel=\"canonical\" href=\"https:\/\/www.alescaa.fr\/index.php\/section-en-voiture-simone\/\" \/>\n<meta property=\"og:locale\" content=\"fr_FR\" \/>\n<meta property=\"og:type\" content=\"article\" \/>\n<meta property=\"og:title\" content=\"Section &quot;En voiture Simone&quot; - A.L.E.S.C.A.A.\" \/>\n<meta property=\"og:description\" content=\"Une section \u00e0 l\u2019attention des jeunes de la commune. Vous \u00eates parent d\u2019\u00e9l\u00e8ve, grand-parent, ado, enseignante, assistante maternelle, altolien ou altolienne \u2013 la liste n\u2019est pas exhaustive ! \u2013 et vous aimeriez vous investir dans les activit\u00e9s b\u00e9n\u00e9voles autour des enfants d\u2019Autheuil-Authouillet. Vous \u00eates le bienvenu ou la bienvenue ! Les objectifs&nbsp; Comment devenir membre&nbsp;? [&hellip;]\" \/>\n<meta property=\"og:url\" content=\"https:\/\/www.alescaa.fr\/index.php\/section-en-voiture-simone\/\" \/>\n<meta property=\"og:site_name\" content=\"A.L.E.S.C.A.A.\" \/>\n<meta property=\"article:modified_time\" content=\"2024-01-31T12:58:26+00:00\" \/>\n<meta property=\"og:image\" content=\"https:\/\/www.alescaa.fr\/wp-content\/uploads\/2021\/12\/Soiree-Loup-Garous.jpg\" \/>\n<meta name=\"twitter:card\" content=\"summary_large_image\" \/>\n<meta name=\"twitter:label1\" content=\"Dur\u00e9e de lecture estim\u00e9e\" \/>\n\t<meta name=\"twitter:data1\" content=\"2 minutes\" \/>\n<script type=\"application\/ld+json\" class=\"yoast-schema-graph\">{\"@context\":\"https:\/\/schema.org\",\"@graph\":[{\"@type\":\"WebPage\",\"@id\":\"https:\/\/www.alescaa.fr\/index.php\/section-en-voiture-simone\/\",\"url\":\"https:\/\/www.alescaa.fr\/index.php\/section-en-voiture-simone\/\",\"name\":\"Section \\\"En voiture Simone\\\" - A.L.E.S.C.A.A.\",\"isPartOf\":{\"@id\":\"https:\/\/www.alescaa.fr\/#website\"},\"datePublished\":\"2021-12-13T13:42:51+00:00\",\"dateModified\":\"2024-01-31T12:58:26+00:00\",\"breadcrumb\":{\"@id\":\"https:\/\/www.alescaa.fr\/index.php\/section-en-voiture-simone\/#breadcrumb\"},\"inLanguage\":\"fr-FR\",\"potentialAction\":[{\"@type\":\"ReadAction\",\"target\":[\"https:\/\/www.alescaa.fr\/index.php\/section-en-voiture-simone\/\"]}]},{\"@type\":\"BreadcrumbList\",\"@id\":\"https:\/\/www.alescaa.fr\/index.php\/section-en-voiture-simone\/#breadcrumb\",\"itemListElement\":[{\"@type\":\"ListItem\",\"position\":1,\"name\":\"Accueil\",\"item\":\"https:\/\/www.alescaa.fr\/\"},{\"@type\":\"ListItem\",\"position\":2,\"name\":\"Section \u00ab\u00a0En voiture Simone\u00a0\u00bb\"}]},{\"@type\":\"WebSite\",\"@id\":\"https:\/\/www.alescaa.fr\/#website\",\"url\":\"https:\/\/www.alescaa.fr\/\",\"name\":\"A.L.E.S.C.A.A.\",\"description\":\"Amicale La\u00efque Educative Sportive et Culturelle d&#039;Autheuil-Authouillet\",\"publisher\":{\"@id\":\"https:\/\/www.alescaa.fr\/#organization\"},\"potentialAction\":[{\"@type\":\"SearchAction\",\"target\":{\"@type\":\"EntryPoint\",\"urlTemplate\":\"https:\/\/www.alescaa.fr\/?s={search_term_string}\"},\"query-input\":\"required name=search_term_string\"}],\"inLanguage\":\"fr-FR\"},{\"@type\":\"Organization\",\"@id\":\"https:\/\/www.alescaa.fr\/#organization\",\"name\":\"A.L.E.S.C.A.A.\",\"url\":\"https:\/\/www.alescaa.fr\/\",\"logo\":{\"@type\":\"ImageObject\",\"inLanguage\":\"fr-FR\",\"@id\":\"https:\/\/www.alescaa.fr\/#\/schema\/logo\/image\/\",\"url\":\"https:\/\/www.alescaa.fr\/wp-content\/uploads\/2022\/02\/Logo-Alescaa-2022.png\",\"contentUrl\":\"https:\/\/www.alescaa.fr\/wp-content\/uploads\/2022\/02\/Logo-Alescaa-2022.png\",\"width\":512,\"height\":482,\"caption\":\"A.L.E.S.C.A.A.\"},\"image\":{\"@id\":\"https:\/\/www.alescaa.fr\/#\/schema\/logo\/image\/\"}}]}<\/script>\n<!-- \/ Yoast SEO plugin. -->","yoast_head_json":{"title":"Section \"En voiture Simone\" - A.L.E.S.C.A.A.","robots":{"index":"index","follow":"follow","max-snippet":"max-snippet:-1","max-image-preview":"max-image-preview:large","max-video-preview":"max-video-preview:-1"},"canonical":"https:\/\/www.alescaa.fr\/index.php\/section-en-voiture-simone\/","og_locale":"fr_FR","og_type":"article","og_title":"Section \"En voiture Simone\" - A.L.E.S.C.A.A.","og_description":"Une section \u00e0 l\u2019attention des jeunes de la commune. Vous \u00eates parent d\u2019\u00e9l\u00e8ve, grand-parent, ado, enseignante, assistante maternelle, altolien ou altolienne \u2013 la liste n\u2019est pas exhaustive ! \u2013 et vous aimeriez vous investir dans les activit\u00e9s b\u00e9n\u00e9voles autour des enfants d\u2019Autheuil-Authouillet. Vous \u00eates le bienvenu ou la bienvenue ! Les objectifs&nbsp; Comment devenir membre&nbsp;? [&hellip;]","og_url":"https:\/\/www.alescaa.fr\/index.php\/section-en-voiture-simone\/","og_site_name":"A.L.E.S.C.A.A.","article_modified_time":"2024-01-31T12:58:26+00:00","og_image":[{"url":"https:\/\/www.alescaa.fr\/wp-content\/uploads\/2021\/12\/Soiree-Loup-Garous.jpg"}],"twitter_card":"summary_large_image","twitter_misc":{"Dur\u00e9e de lecture estim\u00e9e":"2 minutes"},"schema":{"@context":"https:\/\/schema.org","@graph":[{"@type":"WebPage","@id":"https:\/\/www.alescaa.fr\/index.php\/section-en-voiture-simone\/","url":"https:\/\/www.alescaa.fr\/index.php\/section-en-voiture-simone\/","name":"Section \"En voiture Simone\" - A.L.E.S.C.A.A.","isPartOf":{"@id":"https:\/\/www.alescaa.fr\/#website"},"datePublished":"2021-12-13T13:42:51+00:00","dateModified":"2024-01-31T12:58:26+00:00","breadcrumb":{"@id":"https:\/\/www.alescaa.fr\/index.php\/section-en-voiture-simone\/#breadcrumb"},"inLanguage":"fr-FR","potentialAction":[{"@type":"ReadAction","target":["https:\/\/www.alescaa.fr\/index.php\/section-en-voiture-simone\/"]}]},{"@type":"BreadcrumbList","@id":"https:\/\/www.alescaa.fr\/index.php\/section-en-voiture-simone\/#breadcrumb","itemListElement":[{"@type":"ListItem","position":1,"name":"Accueil","item":"https:\/\/www.alescaa.fr\/"},{"@type":"ListItem","position":2,"name":"Section \u00ab\u00a0En voiture Simone\u00a0\u00bb"}]},{"@type":"WebSite","@id":"https:\/\/www.alescaa.fr\/#website","url":"https:\/\/www.alescaa.fr\/","name":"A.L.E.S.C.A.A.","description":"Amicale La\u00efque Educative Sportive et Culturelle d&#039;Autheuil-Authouillet","publisher":{"@id":"https:\/\/www.alescaa.fr\/#organization"},"potentialAction":[{"@type":"SearchAction","target":{"@type":"EntryPoint","urlTemplate":"https:\/\/www.alescaa.fr\/?s={search_term_string}"},"query-input":"required name=search_term_string"}],"inLanguage":"fr-FR"},{"@type":"Organization","@id":"https:\/\/www.alescaa.fr\/#organization","name":"A.L.E.S.C.A.A.","url":"https:\/\/www.alescaa.fr\/","logo":{"@type":"ImageObject","inLanguage":"fr-FR","@id":"https:\/\/www.alescaa.fr\/#\/schema\/logo\/image\/","url":"https:\/\/www.alescaa.fr\/wp-content\/uploads\/2022\/02\/Logo-Alescaa-2022.png","contentUrl":"https:\/\/www.alescaa.fr\/wp-content\/uploads\/2022\/02\/Logo-Alescaa-2022.png","width":512,"height":482,"caption":"A.L.E.S.C.A.A."},"image":{"@id":"https:\/\/www.alescaa.fr\/#\/schema\/logo\/image\/"}}]}},"_links":{"self":[{"href":"https:\/\/www.alescaa.fr\/index.php\/wp-json\/wp\/v2\/pages\/3260"}],"collection":[{"href":"https:\/\/www.alescaa.fr\/index.php\/wp-json\/wp\/v2\/pages"}],"about":[{"href":"https:\/\/www.alescaa.fr\/index.php\/wp-json\/wp\/v2\/types\/page"}],"author":[{"embeddable":true,"href":"https:\/\/www.alescaa.fr\/index.php\/wp-json\/wp\/v2\/users\/3"}],"replies":[{"embeddable":true,"href":"https:\/\/www.alescaa.fr\/index.php\/wp-json\/wp\/v2\/comments?post=3260"}],"version-history":[{"count":16,"href":"https:\/\/www.alescaa.fr\/index.php\/wp-json\/wp\/v2\/pages\/3260\/revisions"}],"predecessor-version":[{"id":5023,"href":"https:\/\/www.alescaa.fr\/index.php\/wp-json\/wp\/v2\/pages\/3260\/revisions\/5023"}],"wp:attachment":[{"href":"https:\/\/www.alescaa.fr\/index.php\/wp-json\/wp\/v2\/media?parent=3260"}],"curies":[{"name":"wp","href":"https:\/\/api.w.org\/{rel}","templated":true}]}}