{"id":3515,"date":"2021-12-24T14:48:11","date_gmt":"2021-12-24T13:48:11","guid":{"rendered":"http:\/\/alescaa.fr\/?page_id=3515"},"modified":"2024-01-27T14:53:17","modified_gmt":"2024-01-27T13:53:17","slug":"les-anciennes-sections","status":"publish","type":"page","link":"https:\/\/www.alescaa.fr\/index.php\/les-anciennes-sections\/","title":{"rendered":"Les anciennes sections"},"content":{"rendered":"\n<p style=\"font-size:22px\"><strong>Depuis la fin des ann\u00e9es 1970, L&rsquo;ALESCAA a ouvert un certain nombre de sections qui ont \u00e9volu\u00e9, se sont \u00e9teintes ou ont pris leur envol vers une autonomie compl\u00e8te.<\/strong><\/p>\n\n\n\n<p class=\"has-medium-font-size\">Ainsi, vous trouverez ci-dessous une liste non exhaustive, car d\u00e9pendante de nos m\u00e9moires et de celle de nos anciens, des sections qui ont vu le jour par le pass\u00e9.<\/p>\n\n\n\n<ul class=\"has-medium-font-size\">\n<li>Tennis de Table<\/li>\n\n\n\n<li>Cyclotourisme<\/li>\n\n\n\n<li>Terre &amp; Toile : peinture et sculpture<\/li>\n\n\n\n<li>Judo<\/li>\n\n\n\n<li>Musique<\/li>\n\n\n\n<li>Course \u00e0 pied<\/li>\n\n\n\n<li>Photographie<\/li>\n\n\n\n<li>Poterie<\/li>\n<\/ul>\n\n\n\n<div class=\"wp-block-media-text alignwide is-stacked-on-mobile\" style=\"grid-template-columns:42% auto\"><figure class=\"wp-block-media-text__media\"><img decoding=\"async\" loading=\"lazy\" width=\"460\" height=\"305\" src=\"https:\/\/www.alescaa.fr\/wp-content\/uploads\/2021\/11\/image-4.png\" alt=\"\" class=\"wp-image-3041 size-full\"\/><\/figure><div class=\"wp-block-media-text__content\">\n<p class=\"has-text-align-center has-medium-font-size\">La section <strong>Tennis de Table<\/strong> est la section qui \u00e9tait la plus ancienne \u00e0 sa fermeture en 2022. En effet, elle existait avant-m\u00eame l&rsquo;ALESCAA sous le statut d&rsquo;un club ind\u00e9pendant affili\u00e9 \u00e0 l&rsquo;UFOLEP.<\/p>\n\n\n\n<p class=\"has-text-align-center has-medium-font-size\">Elle a rejoint l&rsquo;ALESCAA d\u00e8s 1977, puis a chang\u00e9 de f\u00e9d\u00e9ration de rattachement plus tard pour \u00e9voluer dans un contexte sportif plus ouvert.<\/p>\n\n\n\n<p class=\"has-text-align-center has-medium-font-size\">Certains sportifs qui y ont \u00e9volu\u00e9 ont atteint des phases finales de niveau national, tant en individuel qu&rsquo;en \u00e9quipes.<\/p>\n\n\n\n<p>@ALESCAA Nos jeunes sportifs en action<\/p>\n<\/div><\/div>\n\n\n\n<div class=\"wp-block-media-text alignwide has-media-on-the-right is-stacked-on-mobile\"><div class=\"wp-block-media-text__content\">\n<p class=\"has-text-align-center has-medium-font-size\">La section section <strong>Terre &amp; Toile<\/strong> aura \u00e9t\u00e9 la repr\u00e9sentante artistique de l&rsquo;ALESCAA pendant une dizaine d&rsquo;ann\u00e9es.<\/p>\n\n\n\n<p class=\"has-text-align-center has-medium-font-size\">Elle a organis\u00e9 \u00e0 plusieurs reprises des expositions, invitant des artistes locaux de renomm\u00e9es.<\/p>\n\n\n\n<p class=\"has-text-align-center has-medium-font-size\">La section a pris son autonomie lors du d\u00e9m\u00e9nagement de sa responsable. Puis a continu\u00e9 a exister pendant quelques ann\u00e9es.<\/p>\n\n\n\n<p class=\"has-text-align-right\">@ALESCAA Exposition artistique 2012<\/p>\n<\/div><figure class=\"wp-block-media-text__media\"><img decoding=\"async\" loading=\"lazy\" width=\"1024\" height=\"826\" src=\"https:\/\/www.alescaa.fr\/wp-content\/uploads\/2021\/12\/Terre-Toile-Photo-blog-2012-1024x826.jpg\" alt=\"\" class=\"wp-image-3677 size-full\" srcset=\"https:\/\/www.alescaa.fr\/wp-content\/uploads\/2021\/12\/Terre-Toile-Photo-blog-2012-1024x826.jpg 1024w, https:\/\/www.alescaa.fr\/wp-content\/uploads\/2021\/12\/Terre-Toile-Photo-blog-2012-600x484.jpg 600w, https:\/\/www.alescaa.fr\/wp-content\/uploads\/2021\/12\/Terre-Toile-Photo-blog-2012-768x620.jpg 768w, https:\/\/www.alescaa.fr\/wp-content\/uploads\/2021\/12\/Terre-Toile-Photo-blog-2012.jpg 1190w\" sizes=\"(max-width: 1024px) 100vw, 1024px\" \/><\/figure><\/div>\n\n\n\n<div class=\"wp-block-media-text alignwide is-stacked-on-mobile\" style=\"grid-template-columns:37% auto\"><figure class=\"wp-block-media-text__media\"><img decoding=\"async\" loading=\"lazy\" width=\"925\" height=\"1024\" src=\"https:\/\/www.alescaa.fr\/wp-content\/uploads\/2021\/12\/Cyclo-ils-ont-du-souffle-925x1024.jpg\" alt=\"\" class=\"wp-image-3676 size-full\" srcset=\"https:\/\/www.alescaa.fr\/wp-content\/uploads\/2021\/12\/Cyclo-ils-ont-du-souffle-925x1024.jpg 925w, https:\/\/www.alescaa.fr\/wp-content\/uploads\/2021\/12\/Cyclo-ils-ont-du-souffle-542x600.jpg 542w, https:\/\/www.alescaa.fr\/wp-content\/uploads\/2021\/12\/Cyclo-ils-ont-du-souffle-768x850.jpg 768w, https:\/\/www.alescaa.fr\/wp-content\/uploads\/2021\/12\/Cyclo-ils-ont-du-souffle.jpg 1013w\" sizes=\"(max-width: 925px) 100vw, 925px\" \/><\/figure><div class=\"wp-block-media-text__content\">\n<p class=\"has-text-align-center has-medium-font-size\">Cr\u00e9e en 2005, la section <strong>cyclotourisme<\/strong> perdurera jusqu&rsquo;en 2020.<\/p>\n\n\n\n<p class=\"has-text-align-center has-medium-font-size\">Elle aura organis\u00e9 diff\u00e9rentes sorties \u00ab\u00a0f\u00e9d\u00e9rales\u00a0\u00bb, mais aussi la randonn\u00e9es de la vall\u00e9e d&rsquo;Eure (vers le 20 juin de chaque ann\u00e9e), et des soir\u00e9es dansantes pour entretenir la coh\u00e9sion du groupe.<\/p>\n\n\n\n<p>@ALESCAA 4\u00b0 Randonn\u00e9e en vall\u00e9e d&rsquo;Eure<\/p>\n<\/div><\/div>\n\n\n\n<div class=\"wp-block-media-text alignwide has-media-on-the-right is-stacked-on-mobile\" style=\"grid-template-columns:auto 57%\"><div class=\"wp-block-media-text__content\">\n<p class=\"has-text-align-center has-medium-font-size\">Cr\u00e9\u00e9e en 1983, la section <strong>judo<\/strong> est devenue un club autonome (JCAA) au milieu des ann\u00e9es 2000. Dans les deux cas, les judokas ont toujours r\u00e9ussi \u00e0 se distinguer par leurs r\u00e9sultats. Aujourd&rsquo;hui, le club propose la pratique du <strong>judo<\/strong>, du <strong>ju-jitsu<\/strong> et du <strong>ta\u00efso<\/strong>.<\/p>\n\n\n\n<p><strong>Contact : Tony Caillaud au 06 09 12 42 23<\/strong><\/p>\n<\/div><figure class=\"wp-block-media-text__media\"><img decoding=\"async\" loading=\"lazy\" width=\"1024\" height=\"481\" src=\"https:\/\/www.alescaa.fr\/wp-content\/uploads\/2021\/12\/Section-Judo-pour-site-internet-1024x481.jpg\" alt=\"\" class=\"wp-image-3681 size-full\" srcset=\"https:\/\/www.alescaa.fr\/wp-content\/uploads\/2021\/12\/Section-Judo-pour-site-internet-1024x481.jpg 1024w, https:\/\/www.alescaa.fr\/wp-content\/uploads\/2021\/12\/Section-Judo-pour-site-internet-600x282.jpg 600w, https:\/\/www.alescaa.fr\/wp-content\/uploads\/2021\/12\/Section-Judo-pour-site-internet-768x361.jpg 768w, https:\/\/www.alescaa.fr\/wp-content\/uploads\/2021\/12\/Section-Judo-pour-site-internet.jpg 1197w\" sizes=\"(max-width: 1024px) 100vw, 1024px\" \/><\/figure><\/div>\n\n\n\n<div class=\"wp-block-media-text alignwide is-stacked-on-mobile is-vertically-aligned-center\"><figure class=\"wp-block-media-text__media\"><img decoding=\"async\" loading=\"lazy\" width=\"1024\" height=\"597\" src=\"https:\/\/www.alescaa.fr\/wp-content\/uploads\/2021\/12\/Section-musique-1-1024x597.jpg\" alt=\"\" class=\"wp-image-3671 size-full\" srcset=\"https:\/\/www.alescaa.fr\/wp-content\/uploads\/2021\/12\/Section-musique-1-1024x597.jpg 1024w, https:\/\/www.alescaa.fr\/wp-content\/uploads\/2021\/12\/Section-musique-1-600x350.jpg 600w, https:\/\/www.alescaa.fr\/wp-content\/uploads\/2021\/12\/Section-musique-1-768x447.jpg 768w, https:\/\/www.alescaa.fr\/wp-content\/uploads\/2021\/12\/Section-musique-1.jpg 1399w\" sizes=\"(max-width: 1024px) 100vw, 1024px\" \/><\/figure><div class=\"wp-block-media-text__content\">\n<p class=\"has-text-align-center has-medium-font-size\">Anim\u00e9e durant les ann\u00e9es 80 par deux professeurs (fl\u00fbte et guitare), la section <strong>musique<\/strong> a cess\u00e9 son activit\u00e9 apr\u00e8s le d\u00e9m\u00e9nagement de son responsable. <\/p>\n\n\n\n<p class=\"has-text-align-center has-medium-font-size\">Durant cette p\u00e9riode, des repr\u00e9sentations ou concerts \u00e9taient organis\u00e9s chaque ann\u00e9e \u00e0 la salle des f\u00eates ou au sein de l&rsquo;\u00e9glise d&rsquo;Autheuil-Authouillet.<\/p>\n\n\n\n<p>@ALESCAA D\u00e9monstration de la section Fl\u00fbte<\/p>\n<\/div><\/div>\n\n\n\n<div class=\"wp-block-media-text alignwide has-media-on-the-right is-stacked-on-mobile\"><div class=\"wp-block-media-text__content\">\n<p class=\"has-text-align-center has-medium-font-size\">Parmi les sections du d\u00e9but de l&rsquo;ALESCAA, on retrouve aussi la section <strong>photographie<\/strong>.<\/p>\n\n\n\n<p class=\"has-text-align-center has-medium-font-size\">Elle aura organis\u00e9 une dizaine d&rsquo;expositions sur divers th\u00e8mes, et propos\u00e9 des cartes de v\u0153ux aux public int\u00e9ress\u00e9.<\/p>\n\n\n\n<p class=\"has-text-align-right\">@ALESCAA Une des cartes de v\u0153ux propos\u00e9es<\/p>\n<\/div><figure class=\"wp-block-media-text__media\"><img decoding=\"async\" loading=\"lazy\" width=\"940\" height=\"655\" src=\"https:\/\/www.alescaa.fr\/wp-content\/uploads\/2021\/12\/Section-photos-Carte-de-voeux-1981-e.jpg\" alt=\"\" class=\"wp-image-3674 size-full\" srcset=\"https:\/\/www.alescaa.fr\/wp-content\/uploads\/2021\/12\/Section-photos-Carte-de-voeux-1981-e.jpg 940w, https:\/\/www.alescaa.fr\/wp-content\/uploads\/2021\/12\/Section-photos-Carte-de-voeux-1981-e-600x418.jpg 600w, https:\/\/www.alescaa.fr\/wp-content\/uploads\/2021\/12\/Section-photos-Carte-de-voeux-1981-e-768x535.jpg 768w\" sizes=\"(max-width: 940px) 100vw, 940px\" \/><\/figure><\/div>\n\n\n\n<div class=\"wp-block-media-text alignwide is-stacked-on-mobile\"><figure class=\"wp-block-media-text__media\"><img decoding=\"async\" loading=\"lazy\" width=\"1024\" height=\"851\" src=\"https:\/\/www.alescaa.fr\/wp-content\/uploads\/2022\/01\/13\u00b0-cross-du-muguet-1024x851.jpg\" alt=\"\" class=\"wp-image-4170 size-full\" srcset=\"https:\/\/www.alescaa.fr\/wp-content\/uploads\/2022\/01\/13\u00b0-cross-du-muguet-1024x851.jpg 1024w, https:\/\/www.alescaa.fr\/wp-content\/uploads\/2022\/01\/13\u00b0-cross-du-muguet-600x499.jpg 600w, https:\/\/www.alescaa.fr\/wp-content\/uploads\/2022\/01\/13\u00b0-cross-du-muguet-768x638.jpg 768w, https:\/\/www.alescaa.fr\/wp-content\/uploads\/2022\/01\/13\u00b0-cross-du-muguet-1536x1277.jpg 1536w, https:\/\/www.alescaa.fr\/wp-content\/uploads\/2022\/01\/13\u00b0-cross-du-muguet.jpg 1693w\" sizes=\"(max-width: 1024px) 100vw, 1024px\" \/><\/figure><div class=\"wp-block-media-text__content\">\n<p class=\"has-medium-font-size\">Certainement la plus ancienne des sections, et probablement \u00e0 l&rsquo;origine de l&rsquo;association, il s&rsquo;agit de la section <strong>course \u00e0 pied<\/strong>.<\/p>\n\n\n\n<p class=\"has-medium-font-size\">Anim\u00e9e par Michel CREVON qui fut le premier pr\u00e9sident de l&rsquo;ALESCAA, d\u00e8s 1977, elle organisait chaque 1\u00b0 mai le cross du muguet.<\/p>\n\n\n\n<p>@ALESCAA Extrait de journal suite au XIII\u00b0 cross du muguet<\/p>\n<\/div><\/div>\n","protected":false},"excerpt":{"rendered":"<p>Depuis la fin des ann\u00e9es 1970, L&rsquo;ALESCAA a ouvert un certain nombre de sections qui ont \u00e9volu\u00e9, se sont \u00e9teintes ou ont pris leur envol vers une autonomie compl\u00e8te. Ainsi, vous trouverez ci-dessous une liste non exhaustive, car d\u00e9pendante de nos m\u00e9moires et de celle de nos anciens, des sections qui ont vu le jour [&hellip;]<\/p>\n","protected":false},"author":3,"featured_media":0,"parent":0,"menu_order":0,"comment_status":"closed","ping_status":"closed","template":"","meta":[],"yoast_head":"<!-- This site is optimized with the Yoast SEO plugin v21.8.1 - https:\/\/yoast.com\/wordpress\/plugins\/seo\/ -->\n<title>Les anciennes sections - A.L.E.S.C.A.A.<\/title>\n<meta name=\"robots\" content=\"index, follow, max-snippet:-1, max-image-preview:large, max-video-preview:-1\" \/>\n<link rel=\"canonical\" href=\"https:\/\/www.alescaa.fr\/index.php\/les-anciennes-sections\/\" \/>\n<meta property=\"og:locale\" content=\"fr_FR\" \/>\n<meta property=\"og:type\" content=\"article\" \/>\n<meta property=\"og:title\" content=\"Les anciennes sections - A.L.E.S.C.A.A.\" \/>\n<meta property=\"og:description\" content=\"Depuis la fin des ann\u00e9es 1970, L&rsquo;ALESCAA a ouvert un certain nombre de sections qui ont \u00e9volu\u00e9, se sont \u00e9teintes ou ont pris leur envol vers une autonomie compl\u00e8te. Ainsi, vous trouverez ci-dessous une liste non exhaustive, car d\u00e9pendante de nos m\u00e9moires et de celle de nos anciens, des sections qui ont vu le jour [&hellip;]\" \/>\n<meta property=\"og:url\" content=\"https:\/\/www.alescaa.fr\/index.php\/les-anciennes-sections\/\" \/>\n<meta property=\"og:site_name\" content=\"A.L.E.S.C.A.A.\" \/>\n<meta property=\"article:modified_time\" content=\"2024-01-27T13:53:17+00:00\" \/>\n<meta property=\"og:image\" content=\"https:\/\/www.alescaa.fr\/wp-content\/uploads\/2021\/11\/image-4.png\" \/>\n<meta name=\"twitter:card\" content=\"summary_large_image\" \/>\n<meta name=\"twitter:label1\" content=\"Dur\u00e9e de lecture estim\u00e9e\" \/>\n\t<meta name=\"twitter:data1\" content=\"4 minutes\" \/>\n<script type=\"application\/ld+json\" class=\"yoast-schema-graph\">{\"@context\":\"https:\/\/schema.org\",\"@graph\":[{\"@type\":\"WebPage\",\"@id\":\"https:\/\/www.alescaa.fr\/index.php\/les-anciennes-sections\/\",\"url\":\"https:\/\/www.alescaa.fr\/index.php\/les-anciennes-sections\/\",\"name\":\"Les anciennes sections - A.L.E.S.C.A.A.\",\"isPartOf\":{\"@id\":\"https:\/\/www.alescaa.fr\/#website\"},\"datePublished\":\"2021-12-24T13:48:11+00:00\",\"dateModified\":\"2024-01-27T13:53:17+00:00\",\"breadcrumb\":{\"@id\":\"https:\/\/www.alescaa.fr\/index.php\/les-anciennes-sections\/#breadcrumb\"},\"inLanguage\":\"fr-FR\",\"potentialAction\":[{\"@type\":\"ReadAction\",\"target\":[\"https:\/\/www.alescaa.fr\/index.php\/les-anciennes-sections\/\"]}]},{\"@type\":\"BreadcrumbList\",\"@id\":\"https:\/\/www.alescaa.fr\/index.php\/les-anciennes-sections\/#breadcrumb\",\"itemListElement\":[{\"@type\":\"ListItem\",\"position\":1,\"name\":\"Accueil\",\"item\":\"https:\/\/www.alescaa.fr\/\"},{\"@type\":\"ListItem\",\"position\":2,\"name\":\"Les anciennes sections\"}]},{\"@type\":\"WebSite\",\"@id\":\"https:\/\/www.alescaa.fr\/#website\",\"url\":\"https:\/\/www.alescaa.fr\/\",\"name\":\"A.L.E.S.C.A.A.\",\"description\":\"Amicale La\u00efque Educative Sportive et Culturelle d&#039;Autheuil-Authouillet\",\"publisher\":{\"@id\":\"https:\/\/www.alescaa.fr\/#organization\"},\"potentialAction\":[{\"@type\":\"SearchAction\",\"target\":{\"@type\":\"EntryPoint\",\"urlTemplate\":\"https:\/\/www.alescaa.fr\/?s={search_term_string}\"},\"query-input\":\"required name=search_term_string\"}],\"inLanguage\":\"fr-FR\"},{\"@type\":\"Organization\",\"@id\":\"https:\/\/www.alescaa.fr\/#organization\",\"name\":\"A.L.E.S.C.A.A.\",\"url\":\"https:\/\/www.alescaa.fr\/\",\"logo\":{\"@type\":\"ImageObject\",\"inLanguage\":\"fr-FR\",\"@id\":\"https:\/\/www.alescaa.fr\/#\/schema\/logo\/image\/\",\"url\":\"https:\/\/www.alescaa.fr\/wp-content\/uploads\/2022\/02\/Logo-Alescaa-2022.png\",\"contentUrl\":\"https:\/\/www.alescaa.fr\/wp-content\/uploads\/2022\/02\/Logo-Alescaa-2022.png\",\"width\":512,\"height\":482,\"caption\":\"A.L.E.S.C.A.A.\"},\"image\":{\"@id\":\"https:\/\/www.alescaa.fr\/#\/schema\/logo\/image\/\"}}]}<\/script>\n<!-- \/ Yoast SEO plugin. -->","yoast_head_json":{"title":"Les anciennes sections - A.L.E.S.C.A.A.","robots":{"index":"index","follow":"follow","max-snippet":"max-snippet:-1","max-image-preview":"max-image-preview:large","max-video-preview":"max-video-preview:-1"},"canonical":"https:\/\/www.alescaa.fr\/index.php\/les-anciennes-sections\/","og_locale":"fr_FR","og_type":"article","og_title":"Les anciennes sections - A.L.E.S.C.A.A.","og_description":"Depuis la fin des ann\u00e9es 1970, L&rsquo;ALESCAA a ouvert un certain nombre de sections qui ont \u00e9volu\u00e9, se sont \u00e9teintes ou ont pris leur envol vers une autonomie compl\u00e8te. Ainsi, vous trouverez ci-dessous une liste non exhaustive, car d\u00e9pendante de nos m\u00e9moires et de celle de nos anciens, des sections qui ont vu le jour [&hellip;]","og_url":"https:\/\/www.alescaa.fr\/index.php\/les-anciennes-sections\/","og_site_name":"A.L.E.S.C.A.A.","article_modified_time":"2024-01-27T13:53:17+00:00","og_image":[{"url":"https:\/\/www.alescaa.fr\/wp-content\/uploads\/2021\/11\/image-4.png"}],"twitter_card":"summary_large_image","twitter_misc":{"Dur\u00e9e de lecture estim\u00e9e":"4 minutes"},"schema":{"@context":"https:\/\/schema.org","@graph":[{"@type":"WebPage","@id":"https:\/\/www.alescaa.fr\/index.php\/les-anciennes-sections\/","url":"https:\/\/www.alescaa.fr\/index.php\/les-anciennes-sections\/","name":"Les anciennes sections - A.L.E.S.C.A.A.","isPartOf":{"@id":"https:\/\/www.alescaa.fr\/#website"},"datePublished":"2021-12-24T13:48:11+00:00","dateModified":"2024-01-27T13:53:17+00:00","breadcrumb":{"@id":"https:\/\/www.alescaa.fr\/index.php\/les-anciennes-sections\/#breadcrumb"},"inLanguage":"fr-FR","potentialAction":[{"@type":"ReadAction","target":["https:\/\/www.alescaa.fr\/index.php\/les-anciennes-sections\/"]}]},{"@type":"BreadcrumbList","@id":"https:\/\/www.alescaa.fr\/index.php\/les-anciennes-sections\/#breadcrumb","itemListElement":[{"@type":"ListItem","position":1,"name":"Accueil","item":"https:\/\/www.alescaa.fr\/"},{"@type":"ListItem","position":2,"name":"Les anciennes sections"}]},{"@type":"WebSite","@id":"https:\/\/www.alescaa.fr\/#website","url":"https:\/\/www.alescaa.fr\/","name":"A.L.E.S.C.A.A.","description":"Amicale La\u00efque Educative Sportive et Culturelle d&#039;Autheuil-Authouillet","publisher":{"@id":"https:\/\/www.alescaa.fr\/#organization"},"potentialAction":[{"@type":"SearchAction","target":{"@type":"EntryPoint","urlTemplate":"https:\/\/www.alescaa.fr\/?s={search_term_string}"},"query-input":"required name=search_term_string"}],"inLanguage":"fr-FR"},{"@type":"Organization","@id":"https:\/\/www.alescaa.fr\/#organization","name":"A.L.E.S.C.A.A.","url":"https:\/\/www.alescaa.fr\/","logo":{"@type":"ImageObject","inLanguage":"fr-FR","@id":"https:\/\/www.alescaa.fr\/#\/schema\/logo\/image\/","url":"https:\/\/www.alescaa.fr\/wp-content\/uploads\/2022\/02\/Logo-Alescaa-2022.png","contentUrl":"https:\/\/www.alescaa.fr\/wp-content\/uploads\/2022\/02\/Logo-Alescaa-2022.png","width":512,"height":482,"caption":"A.L.E.S.C.A.A."},"image":{"@id":"https:\/\/www.alescaa.fr\/#\/schema\/logo\/image\/"}}]}},"_links":{"self":[{"href":"https:\/\/www.alescaa.fr\/index.php\/wp-json\/wp\/v2\/pages\/3515"}],"collection":[{"href":"https:\/\/www.alescaa.fr\/index.php\/wp-json\/wp\/v2\/pages"}],"about":[{"href":"https:\/\/www.alescaa.fr\/index.php\/wp-json\/wp\/v2\/types\/page"}],"author":[{"embeddable":true,"href":"https:\/\/www.alescaa.fr\/index.php\/wp-json\/wp\/v2\/users\/3"}],"replies":[{"embeddable":true,"href":"https:\/\/www.alescaa.fr\/index.php\/wp-json\/wp\/v2\/comments?post=3515"}],"version-history":[{"count":25,"href":"https:\/\/www.alescaa.fr\/index.php\/wp-json\/wp\/v2\/pages\/3515\/revisions"}],"predecessor-version":[{"id":5007,"href":"https:\/\/www.alescaa.fr\/index.php\/wp-json\/wp\/v2\/pages\/3515\/revisions\/5007"}],"wp:attachment":[{"href":"https:\/\/www.alescaa.fr\/index.php\/wp-json\/wp\/v2\/media?parent=3515"}],"curies":[{"name":"wp","href":"https:\/\/api.w.org\/{rel}","templated":true}]}}