{"id":5393,"date":"2026-04-25T16:32:30","date_gmt":"2026-04-25T14:32:30","guid":{"rendered":"https:\/\/www.alescaa.fr\/?page_id=5393"},"modified":"2026-04-25T16:32:30","modified_gmt":"2026-04-25T14:32:30","slug":"course-de-caisses-a-savon","status":"publish","type":"page","link":"https:\/\/www.alescaa.fr\/index.php\/course-de-caisses-a-savon\/","title":{"rendered":"Course de caisses \u00e0 savon"},"content":{"rendered":"\n<p class=\"has-vivid-purple-color has-text-color has-medium-font-size\"><strong>Bienvenue sur notre page d&rsquo;information et inscription \u00e0 notre premi\u00e8re course de caisses \u00e0 savon. Seul ou en bin\u00f4me, venez vous mesurer \u00e0 vos adversaires sur les c\u00f4teaux de la vall\u00e9e d&rsquo;Eure.<\/strong><\/p>\n\n\n\n<div class=\"wp-block-columns is-layout-flex wp-container-3\">\n<div class=\"wp-block-column is-layout-flow\">\n<figure class=\"wp-block-image size-large\"><img decoding=\"async\" loading=\"lazy\" width=\"724\" height=\"1024\" src=\"https:\/\/www.alescaa.fr\/wp-content\/uploads\/2026\/04\/Affiche-course-de-caisses-a-savon-2026-724x1024.jpg\" alt=\"\" class=\"wp-image-5384\" srcset=\"https:\/\/www.alescaa.fr\/wp-content\/uploads\/2026\/04\/Affiche-course-de-caisses-a-savon-2026-724x1024.jpg 724w, https:\/\/www.alescaa.fr\/wp-content\/uploads\/2026\/04\/Affiche-course-de-caisses-a-savon-2026-424x600.jpg 424w, https:\/\/www.alescaa.fr\/wp-content\/uploads\/2026\/04\/Affiche-course-de-caisses-a-savon-2026-768x1086.jpg 768w, https:\/\/www.alescaa.fr\/wp-content\/uploads\/2026\/04\/Affiche-course-de-caisses-a-savon-2026-1086x1536.jpg 1086w, https:\/\/www.alescaa.fr\/wp-content\/uploads\/2026\/04\/Affiche-course-de-caisses-a-savon-2026.jpg 1131w\" sizes=\"(max-width: 724px) 100vw, 724px\" \/><\/figure>\n<\/div>\n\n\n\n<div class=\"wp-block-column is-layout-flow\">\n<p class=\"has-text-align-center has-large-font-size\">Participation gratuite<\/p>\n\n\n\n<p>+ Contr\u00f4le des v\u00e9hicules et essais le matin<\/p>\n\n\n\n<p>+ Restauration sur place le midi<\/p>\n\n\n\n<p>+ Courses l&rsquo;apr\u00e8s-midi<\/p>\n\n\n\n<div style=\"height:30px\" aria-hidden=\"true\" class=\"wp-block-spacer\"><\/div>\n\n\n\n<p class=\"has-medium-font-size\">Pour participer, il vous suffit de :<\/p>\n\n\n\n<p>\u00a4 Lire le r\u00e8glement consultable et t\u00e9l\u00e9chargeable en cliquant sur <a href=\"https:\/\/www.alescaa.fr\/wp-content\/uploads\/2026\/04\/Reglement-Course-de-Caisses-a-Savon-Autheuil-Authouillet.pdf\" target=\"_blank\" rel=\"noreferrer noopener\">ce lien<\/a>.<\/p>\n\n\n\n<p>\u00a4 T\u00e9l\u00e9charger le formulaire d&rsquo;inscription en cliquant sur <a href=\"https:\/\/www.alescaa.fr\/wp-content\/uploads\/2026\/04\/Formulaire-inscription-Course-de-Caisses-a-Savon-Autheuil-Authouillet.pdf\" target=\"_blank\" rel=\"noreferrer noopener\">ce lien<\/a> et nous le retourner <strong>au plus tard le 15 juillet<\/strong><\/p>\n\n\n\n<p>\u00a4 Envoi du dossier technique (descriptif et photos) au plus tard le 15 ao\u00fbt<\/p>\n<\/div>\n<\/div>\n","protected":false},"excerpt":{"rendered":"<p>Bienvenue sur notre page d&rsquo;information et inscription \u00e0 notre premi\u00e8re course de caisses \u00e0 savon. Seul ou en bin\u00f4me, venez vous mesurer \u00e0 vos adversaires sur les c\u00f4teaux de la vall\u00e9e d&rsquo;Eure. Participation gratuite + Contr\u00f4le des v\u00e9hicules et essais le matin + Restauration sur place le midi + Courses l&rsquo;apr\u00e8s-midi Pour participer, il vous [&hellip;]<\/p>\n","protected":false},"author":3,"featured_media":0,"parent":0,"menu_order":0,"comment_status":"closed","ping_status":"closed","template":"","meta":[],"yoast_head":"<!-- This site is optimized with the Yoast SEO plugin v21.8.1 - https:\/\/yoast.com\/wordpress\/plugins\/seo\/ -->\n<title>Course de caisses \u00e0 savon - A.L.E.S.C.A.A.<\/title>\n<meta name=\"robots\" content=\"index, follow, max-snippet:-1, max-image-preview:large, max-video-preview:-1\" \/>\n<link rel=\"canonical\" href=\"https:\/\/www.alescaa.fr\/index.php\/course-de-caisses-a-savon\/\" \/>\n<meta property=\"og:locale\" content=\"fr_FR\" \/>\n<meta property=\"og:type\" content=\"article\" \/>\n<meta property=\"og:title\" content=\"Course de caisses \u00e0 savon - A.L.E.S.C.A.A.\" \/>\n<meta property=\"og:description\" content=\"Bienvenue sur notre page d&rsquo;information et inscription \u00e0 notre premi\u00e8re course de caisses \u00e0 savon. Seul ou en bin\u00f4me, venez vous mesurer \u00e0 vos adversaires sur les c\u00f4teaux de la vall\u00e9e d&rsquo;Eure. Participation gratuite + Contr\u00f4le des v\u00e9hicules et essais le matin + Restauration sur place le midi + Courses l&rsquo;apr\u00e8s-midi Pour participer, il vous [&hellip;]\" \/>\n<meta property=\"og:url\" content=\"https:\/\/www.alescaa.fr\/index.php\/course-de-caisses-a-savon\/\" \/>\n<meta property=\"og:site_name\" content=\"A.L.E.S.C.A.A.\" \/>\n<meta property=\"og:image\" content=\"https:\/\/www.alescaa.fr\/wp-content\/uploads\/2026\/04\/Affiche-course-de-caisses-a-savon-2026-724x1024.jpg\" \/>\n<meta name=\"twitter:card\" content=\"summary_large_image\" \/>\n<meta name=\"twitter:label1\" content=\"Dur\u00e9e de lecture estim\u00e9e\" \/>\n\t<meta name=\"twitter:data1\" content=\"1 minute\" \/>\n<script type=\"application\/ld+json\" class=\"yoast-schema-graph\">{\"@context\":\"https:\/\/schema.org\",\"@graph\":[{\"@type\":\"WebPage\",\"@id\":\"https:\/\/www.alescaa.fr\/index.php\/course-de-caisses-a-savon\/\",\"url\":\"https:\/\/www.alescaa.fr\/index.php\/course-de-caisses-a-savon\/\",\"name\":\"Course de caisses \u00e0 savon - A.L.E.S.C.A.A.\",\"isPartOf\":{\"@id\":\"https:\/\/www.alescaa.fr\/#website\"},\"datePublished\":\"2026-04-25T14:32:30+00:00\",\"dateModified\":\"2026-04-25T14:32:30+00:00\",\"breadcrumb\":{\"@id\":\"https:\/\/www.alescaa.fr\/index.php\/course-de-caisses-a-savon\/#breadcrumb\"},\"inLanguage\":\"fr-FR\",\"potentialAction\":[{\"@type\":\"ReadAction\",\"target\":[\"https:\/\/www.alescaa.fr\/index.php\/course-de-caisses-a-savon\/\"]}]},{\"@type\":\"BreadcrumbList\",\"@id\":\"https:\/\/www.alescaa.fr\/index.php\/course-de-caisses-a-savon\/#breadcrumb\",\"itemListElement\":[{\"@type\":\"ListItem\",\"position\":1,\"name\":\"Accueil\",\"item\":\"https:\/\/www.alescaa.fr\/\"},{\"@type\":\"ListItem\",\"position\":2,\"name\":\"Course de caisses \u00e0 savon\"}]},{\"@type\":\"WebSite\",\"@id\":\"https:\/\/www.alescaa.fr\/#website\",\"url\":\"https:\/\/www.alescaa.fr\/\",\"name\":\"A.L.E.S.C.A.A.\",\"description\":\"Amicale La\u00efque Educative Sportive et Culturelle d&#039;Autheuil-Authouillet\",\"publisher\":{\"@id\":\"https:\/\/www.alescaa.fr\/#organization\"},\"potentialAction\":[{\"@type\":\"SearchAction\",\"target\":{\"@type\":\"EntryPoint\",\"urlTemplate\":\"https:\/\/www.alescaa.fr\/?s={search_term_string}\"},\"query-input\":\"required name=search_term_string\"}],\"inLanguage\":\"fr-FR\"},{\"@type\":\"Organization\",\"@id\":\"https:\/\/www.alescaa.fr\/#organization\",\"name\":\"A.L.E.S.C.A.A.\",\"url\":\"https:\/\/www.alescaa.fr\/\",\"logo\":{\"@type\":\"ImageObject\",\"inLanguage\":\"fr-FR\",\"@id\":\"https:\/\/www.alescaa.fr\/#\/schema\/logo\/image\/\",\"url\":\"https:\/\/www.alescaa.fr\/wp-content\/uploads\/2022\/02\/Logo-Alescaa-2022.png\",\"contentUrl\":\"https:\/\/www.alescaa.fr\/wp-content\/uploads\/2022\/02\/Logo-Alescaa-2022.png\",\"width\":512,\"height\":482,\"caption\":\"A.L.E.S.C.A.A.\"},\"image\":{\"@id\":\"https:\/\/www.alescaa.fr\/#\/schema\/logo\/image\/\"}}]}<\/script>\n<!-- \/ Yoast SEO plugin. -->","yoast_head_json":{"title":"Course de caisses \u00e0 savon - A.L.E.S.C.A.A.","robots":{"index":"index","follow":"follow","max-snippet":"max-snippet:-1","max-image-preview":"max-image-preview:large","max-video-preview":"max-video-preview:-1"},"canonical":"https:\/\/www.alescaa.fr\/index.php\/course-de-caisses-a-savon\/","og_locale":"fr_FR","og_type":"article","og_title":"Course de caisses \u00e0 savon - A.L.E.S.C.A.A.","og_description":"Bienvenue sur notre page d&rsquo;information et inscription \u00e0 notre premi\u00e8re course de caisses \u00e0 savon. Seul ou en bin\u00f4me, venez vous mesurer \u00e0 vos adversaires sur les c\u00f4teaux de la vall\u00e9e d&rsquo;Eure. Participation gratuite + Contr\u00f4le des v\u00e9hicules et essais le matin + Restauration sur place le midi + Courses l&rsquo;apr\u00e8s-midi Pour participer, il vous [&hellip;]","og_url":"https:\/\/www.alescaa.fr\/index.php\/course-de-caisses-a-savon\/","og_site_name":"A.L.E.S.C.A.A.","og_image":[{"url":"https:\/\/www.alescaa.fr\/wp-content\/uploads\/2026\/04\/Affiche-course-de-caisses-a-savon-2026-724x1024.jpg"}],"twitter_card":"summary_large_image","twitter_misc":{"Dur\u00e9e de lecture estim\u00e9e":"1 minute"},"schema":{"@context":"https:\/\/schema.org","@graph":[{"@type":"WebPage","@id":"https:\/\/www.alescaa.fr\/index.php\/course-de-caisses-a-savon\/","url":"https:\/\/www.alescaa.fr\/index.php\/course-de-caisses-a-savon\/","name":"Course de caisses \u00e0 savon - A.L.E.S.C.A.A.","isPartOf":{"@id":"https:\/\/www.alescaa.fr\/#website"},"datePublished":"2026-04-25T14:32:30+00:00","dateModified":"2026-04-25T14:32:30+00:00","breadcrumb":{"@id":"https:\/\/www.alescaa.fr\/index.php\/course-de-caisses-a-savon\/#breadcrumb"},"inLanguage":"fr-FR","potentialAction":[{"@type":"ReadAction","target":["https:\/\/www.alescaa.fr\/index.php\/course-de-caisses-a-savon\/"]}]},{"@type":"BreadcrumbList","@id":"https:\/\/www.alescaa.fr\/index.php\/course-de-caisses-a-savon\/#breadcrumb","itemListElement":[{"@type":"ListItem","position":1,"name":"Accueil","item":"https:\/\/www.alescaa.fr\/"},{"@type":"ListItem","position":2,"name":"Course de caisses \u00e0 savon"}]},{"@type":"WebSite","@id":"https:\/\/www.alescaa.fr\/#website","url":"https:\/\/www.alescaa.fr\/","name":"A.L.E.S.C.A.A.","description":"Amicale La\u00efque Educative Sportive et Culturelle d&#039;Autheuil-Authouillet","publisher":{"@id":"https:\/\/www.alescaa.fr\/#organization"},"potentialAction":[{"@type":"SearchAction","target":{"@type":"EntryPoint","urlTemplate":"https:\/\/www.alescaa.fr\/?s={search_term_string}"},"query-input":"required name=search_term_string"}],"inLanguage":"fr-FR"},{"@type":"Organization","@id":"https:\/\/www.alescaa.fr\/#organization","name":"A.L.E.S.C.A.A.","url":"https:\/\/www.alescaa.fr\/","logo":{"@type":"ImageObject","inLanguage":"fr-FR","@id":"https:\/\/www.alescaa.fr\/#\/schema\/logo\/image\/","url":"https:\/\/www.alescaa.fr\/wp-content\/uploads\/2022\/02\/Logo-Alescaa-2022.png","contentUrl":"https:\/\/www.alescaa.fr\/wp-content\/uploads\/2022\/02\/Logo-Alescaa-2022.png","width":512,"height":482,"caption":"A.L.E.S.C.A.A."},"image":{"@id":"https:\/\/www.alescaa.fr\/#\/schema\/logo\/image\/"}}]}},"_links":{"self":[{"href":"https:\/\/www.alescaa.fr\/index.php\/wp-json\/wp\/v2\/pages\/5393"}],"collection":[{"href":"https:\/\/www.alescaa.fr\/index.php\/wp-json\/wp\/v2\/pages"}],"about":[{"href":"https:\/\/www.alescaa.fr\/index.php\/wp-json\/wp\/v2\/types\/page"}],"author":[{"embeddable":true,"href":"https:\/\/www.alescaa.fr\/index.php\/wp-json\/wp\/v2\/users\/3"}],"replies":[{"embeddable":true,"href":"https:\/\/www.alescaa.fr\/index.php\/wp-json\/wp\/v2\/comments?post=5393"}],"version-history":[{"count":6,"href":"https:\/\/www.alescaa.fr\/index.php\/wp-json\/wp\/v2\/pages\/5393\/revisions"}],"predecessor-version":[{"id":5401,"href":"https:\/\/www.alescaa.fr\/index.php\/wp-json\/wp\/v2\/pages\/5393\/revisions\/5401"}],"wp:attachment":[{"href":"https:\/\/www.alescaa.fr\/index.php\/wp-json\/wp\/v2\/media?parent=5393"}],"curies":[{"name":"wp","href":"https:\/\/api.w.org\/{rel}","templated":true}]}}